{"id":7,"date":"2021-04-22T16:44:30","date_gmt":"2021-04-22T14:44:30","guid":{"rendered":"http:\/\/www.champagnethiebaultfrederic.fr\/store\/en\/mon-compte\/"},"modified":"2021-07-30T15:55:04","modified_gmt":"2021-07-30T13:55:04","slug":"mon-compte","status":"publish","type":"page","link":"https:\/\/www.champagnethiebaultfrederic.fr\/store\/en\/mon-compte\/","title":{"rendered":"My account"},"content":{"rendered":"<div class=\"woocommerce\"><\/div>\n\n\n\n<p><\/p>\n","protected":false},"excerpt":{"rendered":"","protected":false},"author":1,"featured_media":0,"parent":0,"menu_order":0,"comment_status":"closed","ping_status":"closed","template":"","meta":{"footnotes":""},"yoast_head":"<!-- This site is optimized with the Yoast SEO plugin v22.5 - https:\/\/yoast.com\/wordpress\/plugins\/seo\/ -->\n<title>My account - Champagne Fr\u00e9d\u00e9ric Thi\u00e9bault in Pargny-l\u00e8s-Reims<\/title>\n<meta name=\"description\" content=\"Access your customer account to take advantage of the loyalty program and view your last orders of Champagne Fr\u00e9d\u00e9ric Thi\u00e9bault\" \/>\n<meta name=\"robots\" content=\"index, follow, max-snippet:-1, max-image-preview:large, max-video-preview:-1\" \/>\n<link rel=\"canonical\" href=\"https:\/\/www.champagnethiebaultfrederic.fr\/store\/en\/mon-compte\/\" \/>\n<meta property=\"og:locale\" content=\"en_GB\" \/>\n<meta property=\"og:type\" content=\"article\" \/>\n<meta property=\"og:title\" content=\"My account - Champagne Fr\u00e9d\u00e9ric Thi\u00e9bault in Pargny-l\u00e8s-Reims\" \/>\n<meta property=\"og:description\" content=\"Access your customer account to take advantage of the loyalty program and view your last orders of Champagne Fr\u00e9d\u00e9ric Thi\u00e9bault\" \/>\n<meta property=\"og:url\" content=\"https:\/\/www.champagnethiebaultfrederic.fr\/store\/en\/mon-compte\/\" \/>\n<meta property=\"og:site_name\" content=\"Champagne Fr\u00e9d\u00e9ric Thi\u00e9bault En\" \/>\n<meta property=\"article:publisher\" content=\"https:\/\/www.facebook.com\/champagne.thiebault\" \/>\n<meta property=\"article:modified_time\" content=\"2021-07-30T13:55:04+00:00\" \/>\n<meta name=\"twitter:card\" content=\"summary_large_image\" \/>\n<meta name=\"twitter:label1\" content=\"Estimated reading time\" \/>\n\t<meta name=\"twitter:data1\" content=\"1 minute\" \/>\n<script type=\"application\/ld+json\" class=\"yoast-schema-graph\">{\"@context\":\"https:\/\/schema.org\",\"@graph\":[{\"@type\":\"WebPage\",\"@id\":\"https:\/\/www.champagnethiebaultfrederic.fr\/store\/en\/mon-compte\/\",\"url\":\"https:\/\/www.champagnethiebaultfrederic.fr\/store\/en\/mon-compte\/\",\"name\":\"My account - Champagne Fr\u00e9d\u00e9ric Thi\u00e9bault in Pargny-l\u00e8s-Reims\",\"isPartOf\":{\"@id\":\"https:\/\/www.champagnethiebaultfrederic.fr\/store\/en\/#website\"},\"datePublished\":\"2021-04-22T14:44:30+00:00\",\"dateModified\":\"2021-07-30T13:55:04+00:00\",\"description\":\"Access your customer account to take advantage of the loyalty program and view your last orders of Champagne Fr\u00e9d\u00e9ric Thi\u00e9bault\",\"breadcrumb\":{\"@id\":\"https:\/\/www.champagnethiebaultfrederic.fr\/store\/en\/mon-compte\/#breadcrumb\"},\"inLanguage\":\"en-GB\",\"potentialAction\":[{\"@type\":\"ReadAction\",\"target\":[\"https:\/\/www.champagnethiebaultfrederic.fr\/store\/en\/mon-compte\/\"]}]},{\"@type\":\"BreadcrumbList\",\"@id\":\"https:\/\/www.champagnethiebaultfrederic.fr\/store\/en\/mon-compte\/#breadcrumb\",\"itemListElement\":[{\"@type\":\"ListItem\",\"position\":1,\"name\":\"Accueil\",\"item\":\"https:\/\/www.champagnethiebaultfrederic.fr\/store\/en\/\"},{\"@type\":\"ListItem\",\"position\":2,\"name\":\"My account\"}]},{\"@type\":\"WebSite\",\"@id\":\"https:\/\/www.champagnethiebaultfrederic.fr\/store\/en\/#website\",\"url\":\"https:\/\/www.champagnethiebaultfrederic.fr\/store\/en\/\",\"name\":\"Champagne Fr\u00e9d\u00e9ric Thi\u00e9bault En\",\"description\":\"\",\"publisher\":{\"@id\":\"https:\/\/www.champagnethiebaultfrederic.fr\/store\/en\/#organization\"},\"potentialAction\":[{\"@type\":\"SearchAction\",\"target\":{\"@type\":\"EntryPoint\",\"urlTemplate\":\"https:\/\/www.champagnethiebaultfrederic.fr\/store\/en\/?s={search_term_string}\"},\"query-input\":\"required name=search_term_string\"}],\"inLanguage\":\"en-GB\"},{\"@type\":\"Organization\",\"@id\":\"https:\/\/www.champagnethiebaultfrederic.fr\/store\/en\/#organization\",\"name\":\"Champagne Fr\u00e9d\u00e9ric Thi\u00e9bault\",\"url\":\"https:\/\/www.champagnethiebaultfrederic.fr\/store\/en\/\",\"logo\":{\"@type\":\"ImageObject\",\"inLanguage\":\"en-GB\",\"@id\":\"https:\/\/www.champagnethiebaultfrederic.fr\/store\/en\/#\/schema\/logo\/image\/\",\"url\":\"https:\/\/www.champagnethiebaultfrederic.fr\/store\/en\/wp-content\/uploads\/sites\/2\/2021\/07\/logo-email.png\",\"contentUrl\":\"https:\/\/www.champagnethiebaultfrederic.fr\/store\/en\/wp-content\/uploads\/sites\/2\/2021\/07\/logo-email.png\",\"width\":155,\"height\":118,\"caption\":\"Champagne Fr\u00e9d\u00e9ric Thi\u00e9bault\"},\"image\":{\"@id\":\"https:\/\/www.champagnethiebaultfrederic.fr\/store\/en\/#\/schema\/logo\/image\/\"},\"sameAs\":[\"https:\/\/www.facebook.com\/champagne.thiebault\",\"https:\/\/www.instagram.com\/champagnefredericthiebault\/\"]}]}<\/script>\n<!-- \/ Yoast SEO plugin. -->","yoast_head_json":{"title":"My account - Champagne Fr\u00e9d\u00e9ric Thi\u00e9bault in Pargny-l\u00e8s-Reims","description":"Access your customer account to take advantage of the loyalty program and view your last orders of Champagne Fr\u00e9d\u00e9ric Thi\u00e9bault","robots":{"index":"index","follow":"follow","max-snippet":"max-snippet:-1","max-image-preview":"max-image-preview:large","max-video-preview":"max-video-preview:-1"},"canonical":"https:\/\/www.champagnethiebaultfrederic.fr\/store\/en\/mon-compte\/","og_locale":"en_GB","og_type":"article","og_title":"My account - Champagne Fr\u00e9d\u00e9ric Thi\u00e9bault in Pargny-l\u00e8s-Reims","og_description":"Access your customer account to take advantage of the loyalty program and view your last orders of Champagne Fr\u00e9d\u00e9ric Thi\u00e9bault","og_url":"https:\/\/www.champagnethiebaultfrederic.fr\/store\/en\/mon-compte\/","og_site_name":"Champagne Fr\u00e9d\u00e9ric Thi\u00e9bault En","article_publisher":"https:\/\/www.facebook.com\/champagne.thiebault","article_modified_time":"2021-07-30T13:55:04+00:00","twitter_card":"summary_large_image","twitter_misc":{"Estimated reading time":"1 minute"},"schema":{"@context":"https:\/\/schema.org","@graph":[{"@type":"WebPage","@id":"https:\/\/www.champagnethiebaultfrederic.fr\/store\/en\/mon-compte\/","url":"https:\/\/www.champagnethiebaultfrederic.fr\/store\/en\/mon-compte\/","name":"My account - Champagne Fr\u00e9d\u00e9ric Thi\u00e9bault in Pargny-l\u00e8s-Reims","isPartOf":{"@id":"https:\/\/www.champagnethiebaultfrederic.fr\/store\/en\/#website"},"datePublished":"2021-04-22T14:44:30+00:00","dateModified":"2021-07-30T13:55:04+00:00","description":"Access your customer account to take advantage of the loyalty program and view your last orders of Champagne Fr\u00e9d\u00e9ric Thi\u00e9bault","breadcrumb":{"@id":"https:\/\/www.champagnethiebaultfrederic.fr\/store\/en\/mon-compte\/#breadcrumb"},"inLanguage":"en-GB","potentialAction":[{"@type":"ReadAction","target":["https:\/\/www.champagnethiebaultfrederic.fr\/store\/en\/mon-compte\/"]}]},{"@type":"BreadcrumbList","@id":"https:\/\/www.champagnethiebaultfrederic.fr\/store\/en\/mon-compte\/#breadcrumb","itemListElement":[{"@type":"ListItem","position":1,"name":"Accueil","item":"https:\/\/www.champagnethiebaultfrederic.fr\/store\/en\/"},{"@type":"ListItem","position":2,"name":"My account"}]},{"@type":"WebSite","@id":"https:\/\/www.champagnethiebaultfrederic.fr\/store\/en\/#website","url":"https:\/\/www.champagnethiebaultfrederic.fr\/store\/en\/","name":"Champagne Fr\u00e9d\u00e9ric Thi\u00e9bault En","description":"","publisher":{"@id":"https:\/\/www.champagnethiebaultfrederic.fr\/store\/en\/#organization"},"potentialAction":[{"@type":"SearchAction","target":{"@type":"EntryPoint","urlTemplate":"https:\/\/www.champagnethiebaultfrederic.fr\/store\/en\/?s={search_term_string}"},"query-input":"required name=search_term_string"}],"inLanguage":"en-GB"},{"@type":"Organization","@id":"https:\/\/www.champagnethiebaultfrederic.fr\/store\/en\/#organization","name":"Champagne Fr\u00e9d\u00e9ric Thi\u00e9bault","url":"https:\/\/www.champagnethiebaultfrederic.fr\/store\/en\/","logo":{"@type":"ImageObject","inLanguage":"en-GB","@id":"https:\/\/www.champagnethiebaultfrederic.fr\/store\/en\/#\/schema\/logo\/image\/","url":"https:\/\/www.champagnethiebaultfrederic.fr\/store\/en\/wp-content\/uploads\/sites\/2\/2021\/07\/logo-email.png","contentUrl":"https:\/\/www.champagnethiebaultfrederic.fr\/store\/en\/wp-content\/uploads\/sites\/2\/2021\/07\/logo-email.png","width":155,"height":118,"caption":"Champagne Fr\u00e9d\u00e9ric Thi\u00e9bault"},"image":{"@id":"https:\/\/www.champagnethiebaultfrederic.fr\/store\/en\/#\/schema\/logo\/image\/"},"sameAs":["https:\/\/www.facebook.com\/champagne.thiebault","https:\/\/www.instagram.com\/champagnefredericthiebault\/"]}]}},"_links":{"self":[{"href":"https:\/\/www.champagnethiebaultfrederic.fr\/store\/en\/wp-json\/wp\/v2\/pages\/7"}],"collection":[{"href":"https:\/\/www.champagnethiebaultfrederic.fr\/store\/en\/wp-json\/wp\/v2\/pages"}],"about":[{"href":"https:\/\/www.champagnethiebaultfrederic.fr\/store\/en\/wp-json\/wp\/v2\/types\/page"}],"author":[{"embeddable":true,"href":"https:\/\/www.champagnethiebaultfrederic.fr\/store\/en\/wp-json\/wp\/v2\/users\/1"}],"replies":[{"embeddable":true,"href":"https:\/\/www.champagnethiebaultfrederic.fr\/store\/en\/wp-json\/wp\/v2\/comments?post=7"}],"version-history":[{"count":0,"href":"https:\/\/www.champagnethiebaultfrederic.fr\/store\/en\/wp-json\/wp\/v2\/pages\/7\/revisions"}],"wp:attachment":[{"href":"https:\/\/www.champagnethiebaultfrederic.fr\/store\/en\/wp-json\/wp\/v2\/media?parent=7"}],"curies":[{"name":"wp","href":"https:\/\/api.w.org\/{rel}","templated":true}]}}