{"id":83,"date":"2021-07-27T14:02:58","date_gmt":"2021-07-27T12:02:58","guid":{"rendered":"http:\/\/www.champagnethiebaultfrederic.fr\/store\/en\/?page_id=83"},"modified":"2021-07-30T15:52:37","modified_gmt":"2021-07-30T13:52:37","slug":"cgv","status":"publish","type":"page","link":"https:\/\/www.champagnethiebaultfrederic.fr\/store\/en\/cgv\/","title":{"rendered":"Terms of Sales"},"content":{"rendered":"\n<h1 class=\"wp-block-heading\">Terms of Sales<\/h1>\n\n\n\n<p>Ordering on the site of Champagne Fr\u00e9d\u00e9ric Thi\u00e9bault implies unreserved acceptance of our Terms of Sales. <\/p>\n\n\n\n<h2 class=\"wp-block-heading\">General<\/h2>\n\n\n\n<p>Les prix indiqu\u00e9s s&#8217;entendent toutes taxes comprises (T.T.C.) au d\u00e9part de nos celliers et dans la limite des stocks disponibles. Le taux de TVA applicable est de 20%. La facture sera envoy\u00e9e par courrier \u00e0 l&#8217;exp\u00e9dition de la commande. <\/p>\n\n\n\n<h2 class=\"wp-block-heading\">Protection of minors<\/h2>\n\n\n\n<p>Conform\u00e9ment \u00e0 l\u2019article L.3342-1 du Code de la sant\u00e9 publique qui dispose que la vente d\u2019alcool \u00e0 des mineurs de moins est interdite, le client s\u2019engage \u00e0 avoir dix-huit ans r\u00e9volus \u00e0 la date de la commande.<\/p>\n\n\n\n<h2 class=\"wp-block-heading\">Delivery<\/h2>\n\n\n\n<p>Les frais d&#8217;exp\u00e9dition sont payables \u00e0 la commande et sont soumis \u00e0 des conditions de volume et de d\u00e9partement de livraison. Nos colis sont remis en parfait \u00e9tat au transporteur. Ils voyagent aux risques et p\u00e9rils des destinataires, m\u00eame si ils sont exp\u00e9di\u00e9s port pay\u00e9. Vous \u00eates pri\u00e9s de bien v\u00e9rifier l&#8217;\u00e9tat des colis et leur contenu \u00e0 leur arriv\u00e9e avant d&#8217;en donner re\u00e7u aux agents responsables du transport. En cas de contestation, il est fait attribution de juridiction au Tribunal de Commerce de notre Si\u00e8ge Social qui est seul comp\u00e9tent. Les exp\u00e9ditions sont faites sans garantie contre la gel\u00e9e. <\/p>\n\n\n\n<h2 class=\"wp-block-heading\">Payment terms<\/h2>\n\n\n\n<p>Le prix de la commande est payable imm\u00e9diatement et en int\u00e9gralit\u00e9, net et sans escompte, par carte bancaire sur notre site Internet www.champagnethiebaultfrederic.fr par le biais du syst\u00e8me de paiement s\u00e9curis\u00e9 Paypal.<\/p>\n\n\n\n<p>La commande est valid\u00e9e apr\u00e8s son paiement effectif.<\/p>\n\n\n\n<h2 class=\"wp-block-heading\">Right to retract<\/h2>\n\n\n\n<p>En application du Code de la consommation  Art. L. 121-21. , l&#8217;acheteur dispose d&#8217;un d\u00e9lai de 14 jours francs \u00e0 compter de la livraison de sa commande pour faire retour du produit pour \u00e9change ou remboursement, sans p\u00e9nalit\u00e9 \u00e0  l&#8217;exception des frais de retour.<br>Pour faire valoir votre droit de r\u00e9tractation, vous devez nous contacter au pr\u00e9alable afin d&#8217;obtenir un num\u00e9ro de dossier :<\/p>\n\n\n\n<ul><li>par t\u00e9l\u00e9phone au +33.3 26 49 23 59<\/li><li>en envoyant votre demande \u00e0 l&#8217;adresse Champagne Fr\u00e9d\u00e9ric Thi\u00e9bault 17 rue des Ormissets 51390 Pargny-l\u00e8s-Reims<\/li><li>par email \u00e0 retractation (a) champagnethiebaultfrederic.fr<\/li><\/ul>\n\n\n\n<p>Votre demande doit \u00eatre faite dans les 14 jours qui suivent la r\u00e9ception de votre commande, et doit contenir les informations suivantes  : <\/p>\n\n\n\n<ul><li>Nom\/Pr\u00e9nom du client<\/li><li>Coordonn\u00e9es compl\u00e8tes<\/li><li>Num\u00e9ro de commande<\/li><li>Date d&#8217;envoi du courrier<\/li><\/ul>\n\n\n\n<p>Seuls les articles non utilis\u00e9s, retourn\u00e9s dans leur emballage d&#8217;origine et parfaitement intacts tels qu&#8217;ils vous ont \u00e9t\u00e9  commercialis\u00e9s seront accept\u00e9s. <\/p>\n\n\n\n<h2 class=\"wp-block-heading\">Default interest<\/h2>\n\n\n\n<p>En application des dispositions l\u00e9gales, tout retard de r\u00e8glement fait encourir de plein droit une p\u00e9nalit\u00e9 dont le montant est \u00e9gal \u00e0 3 fois le taux d&#8217;int\u00e9r\u00eat l\u00e9gal outre l&#8217;ensemble des frais de recouvrement qui seront mis \u00e0 la charge de l&#8217;acheteur (Loi n\u00b02008-776 du 04\/08\/08).  Article D.441-5 Le montant de l&#8217;indemnit\u00e9 forfaitaire pour frais de  recouvrement pr\u00e9vue au douzi\u00e8me alin\u00e9a de l&#8217;article L.441-6 est fix\u00e9 \u00e0  40\u20ac. <\/p>\n\n\n\n<h2 class=\"wp-block-heading\">Clause p\u00e9nale<\/h2>\n\n\n\n<p>Si le recouvrement de la cr\u00e9ance entra\u00eene l&#8217;intervention de notre service contentieux, ou tout autre agent de recouvrement, ou Officier Minist\u00e9riel, cette cr\u00e9ance se trouvera major\u00e9e forfaitairement de 10% \u00e0 titre de clause p\u00e9nale. <\/p>\n\n\n\n<h2 class=\"wp-block-heading\">Penalty clause<\/h2>\n\n\n\n<p>Nous conservons la propri\u00e9t\u00e9 des vins vendus jusqu&#8217;au paiement int\u00e9gral du prix. Toutefois, d\u00e8s la livraison, les risques de pertes ou de d\u00e9t\u00e9rioration sont transf\u00e9r\u00e9s \u00e0 l&#8217;acheteur. A d\u00e9faut de paiement par l&#8217;acheteur d&#8217;une seule fraction du prix aux \u00e9ch\u00e9ances convenues, et huit jours apr\u00e8s une mise en demeure par lettre recommand\u00e9e, la vente sera r\u00e9sili\u00e9e de plein droit, si bon nous semble. Dans ce cas, nous pourrons obtenir la restitution des produits vendus, par simple ordonnance de r\u00e9f\u00e9r\u00e9 de Monsieur le Pr\u00e9sident du Tribunal de Commerce de notre Si\u00e8ge Social auquel les parties attribuent comp\u00e9tence (loi du 12 mai 1980  n\u00b080.335). <\/p>\n\n\n\n<h2 class=\"wp-block-heading\">Choice of domicile and jurisdiction<\/h2>\n\n\n\n<p>L&#8217;\u00e9lection de domicile est faite par l&#8217;entreprise venderesse \u00e0 son Si\u00e8ge Social. En cas de contestation relative \u00e0 l&#8217;ex\u00e9cution du contrat de vente ou au paiement du prix, le Tribunal de Commerce de Reims sera seul comp\u00e9tent, quelque soit le lieu de livraison. <\/p>\n","protected":false},"excerpt":{"rendered":"<p>Terms of Sales Ordering on the site of Champagne Fr\u00e9d\u00e9ric Thi\u00e9bault implies unreserved acceptance of our Terms of Sales. General Les prix indiqu\u00e9s s&#8217;entendent toutes taxes comprises (T.T.C.) au d\u00e9part de nos celliers et dans la limite des stocks disponibles. Le taux de TVA applicable est de 20%. La facture sera envoy\u00e9e par courrier \u00e0 [&hellip;]<\/p>\n","protected":false},"author":1,"featured_media":0,"parent":0,"menu_order":0,"comment_status":"closed","ping_status":"closed","template":"","meta":{"footnotes":""},"yoast_head":"<!-- This site is optimized with the Yoast SEO plugin v22.5 - https:\/\/yoast.com\/wordpress\/plugins\/seo\/ -->\n<title>Terms of Sales - Champagne Fr\u00e9d\u00e9ric Thi\u00e9bault in Pargny-l\u00e8s-Reims<\/title>\n<meta name=\"description\" content=\"Terms of Sale applicable for the online sale of champagne on the Champagne Thi\u00e9bault Fr\u00e9d\u00e9ric site in Pargny-L\u00e8s-Reims\" \/>\n<meta name=\"robots\" content=\"index, follow, max-snippet:-1, max-image-preview:large, max-video-preview:-1\" \/>\n<link rel=\"canonical\" href=\"https:\/\/www.champagnethiebaultfrederic.fr\/store\/en\/cgv\/\" \/>\n<meta property=\"og:locale\" content=\"en_GB\" \/>\n<meta property=\"og:type\" content=\"article\" \/>\n<meta property=\"og:title\" content=\"Terms of Sales - Champagne Fr\u00e9d\u00e9ric Thi\u00e9bault in Pargny-l\u00e8s-Reims\" \/>\n<meta property=\"og:description\" content=\"Terms of Sale applicable for the online sale of champagne on the Champagne Thi\u00e9bault Fr\u00e9d\u00e9ric site in Pargny-L\u00e8s-Reims\" \/>\n<meta property=\"og:url\" content=\"https:\/\/www.champagnethiebaultfrederic.fr\/store\/en\/cgv\/\" \/>\n<meta property=\"og:site_name\" content=\"Champagne Fr\u00e9d\u00e9ric Thi\u00e9bault En\" \/>\n<meta property=\"article:publisher\" content=\"https:\/\/www.facebook.com\/champagne.thiebault\" \/>\n<meta property=\"article:modified_time\" content=\"2021-07-30T13:52:37+00:00\" \/>\n<meta name=\"twitter:card\" content=\"summary_large_image\" \/>\n<meta name=\"twitter:label1\" content=\"Estimated reading time\" \/>\n\t<meta name=\"twitter:data1\" content=\"3 minutes\" \/>\n<script type=\"application\/ld+json\" class=\"yoast-schema-graph\">{\"@context\":\"https:\/\/schema.org\",\"@graph\":[{\"@type\":\"WebPage\",\"@id\":\"https:\/\/www.champagnethiebaultfrederic.fr\/store\/en\/cgv\/\",\"url\":\"https:\/\/www.champagnethiebaultfrederic.fr\/store\/en\/cgv\/\",\"name\":\"Terms of Sales - Champagne Fr\u00e9d\u00e9ric Thi\u00e9bault in Pargny-l\u00e8s-Reims\",\"isPartOf\":{\"@id\":\"https:\/\/www.champagnethiebaultfrederic.fr\/store\/en\/#website\"},\"datePublished\":\"2021-07-27T12:02:58+00:00\",\"dateModified\":\"2021-07-30T13:52:37+00:00\",\"description\":\"Terms of Sale applicable for the online sale of champagne on the Champagne Thi\u00e9bault Fr\u00e9d\u00e9ric site in Pargny-L\u00e8s-Reims\",\"breadcrumb\":{\"@id\":\"https:\/\/www.champagnethiebaultfrederic.fr\/store\/en\/cgv\/#breadcrumb\"},\"inLanguage\":\"en-GB\",\"potentialAction\":[{\"@type\":\"ReadAction\",\"target\":[\"https:\/\/www.champagnethiebaultfrederic.fr\/store\/en\/cgv\/\"]}]},{\"@type\":\"BreadcrumbList\",\"@id\":\"https:\/\/www.champagnethiebaultfrederic.fr\/store\/en\/cgv\/#breadcrumb\",\"itemListElement\":[{\"@type\":\"ListItem\",\"position\":1,\"name\":\"Accueil\",\"item\":\"https:\/\/www.champagnethiebaultfrederic.fr\/store\/en\/\"},{\"@type\":\"ListItem\",\"position\":2,\"name\":\"Terms of Sales\"}]},{\"@type\":\"WebSite\",\"@id\":\"https:\/\/www.champagnethiebaultfrederic.fr\/store\/en\/#website\",\"url\":\"https:\/\/www.champagnethiebaultfrederic.fr\/store\/en\/\",\"name\":\"Champagne Fr\u00e9d\u00e9ric Thi\u00e9bault En\",\"description\":\"\",\"publisher\":{\"@id\":\"https:\/\/www.champagnethiebaultfrederic.fr\/store\/en\/#organization\"},\"potentialAction\":[{\"@type\":\"SearchAction\",\"target\":{\"@type\":\"EntryPoint\",\"urlTemplate\":\"https:\/\/www.champagnethiebaultfrederic.fr\/store\/en\/?s={search_term_string}\"},\"query-input\":\"required name=search_term_string\"}],\"inLanguage\":\"en-GB\"},{\"@type\":\"Organization\",\"@id\":\"https:\/\/www.champagnethiebaultfrederic.fr\/store\/en\/#organization\",\"name\":\"Champagne Fr\u00e9d\u00e9ric Thi\u00e9bault\",\"url\":\"https:\/\/www.champagnethiebaultfrederic.fr\/store\/en\/\",\"logo\":{\"@type\":\"ImageObject\",\"inLanguage\":\"en-GB\",\"@id\":\"https:\/\/www.champagnethiebaultfrederic.fr\/store\/en\/#\/schema\/logo\/image\/\",\"url\":\"https:\/\/www.champagnethiebaultfrederic.fr\/store\/en\/wp-content\/uploads\/sites\/2\/2021\/07\/logo-email.png\",\"contentUrl\":\"https:\/\/www.champagnethiebaultfrederic.fr\/store\/en\/wp-content\/uploads\/sites\/2\/2021\/07\/logo-email.png\",\"width\":155,\"height\":118,\"caption\":\"Champagne Fr\u00e9d\u00e9ric Thi\u00e9bault\"},\"image\":{\"@id\":\"https:\/\/www.champagnethiebaultfrederic.fr\/store\/en\/#\/schema\/logo\/image\/\"},\"sameAs\":[\"https:\/\/www.facebook.com\/champagne.thiebault\",\"https:\/\/www.instagram.com\/champagnefredericthiebault\/\"]}]}<\/script>\n<!-- \/ Yoast SEO plugin. -->","yoast_head_json":{"title":"Terms of Sales - Champagne Fr\u00e9d\u00e9ric Thi\u00e9bault in Pargny-l\u00e8s-Reims","description":"Terms of Sale applicable for the online sale of champagne on the Champagne Thi\u00e9bault Fr\u00e9d\u00e9ric site in Pargny-L\u00e8s-Reims","robots":{"index":"index","follow":"follow","max-snippet":"max-snippet:-1","max-image-preview":"max-image-preview:large","max-video-preview":"max-video-preview:-1"},"canonical":"https:\/\/www.champagnethiebaultfrederic.fr\/store\/en\/cgv\/","og_locale":"en_GB","og_type":"article","og_title":"Terms of Sales - Champagne Fr\u00e9d\u00e9ric Thi\u00e9bault in Pargny-l\u00e8s-Reims","og_description":"Terms of Sale applicable for the online sale of champagne on the Champagne Thi\u00e9bault Fr\u00e9d\u00e9ric site in Pargny-L\u00e8s-Reims","og_url":"https:\/\/www.champagnethiebaultfrederic.fr\/store\/en\/cgv\/","og_site_name":"Champagne Fr\u00e9d\u00e9ric Thi\u00e9bault En","article_publisher":"https:\/\/www.facebook.com\/champagne.thiebault","article_modified_time":"2021-07-30T13:52:37+00:00","twitter_card":"summary_large_image","twitter_misc":{"Estimated reading time":"3 minutes"},"schema":{"@context":"https:\/\/schema.org","@graph":[{"@type":"WebPage","@id":"https:\/\/www.champagnethiebaultfrederic.fr\/store\/en\/cgv\/","url":"https:\/\/www.champagnethiebaultfrederic.fr\/store\/en\/cgv\/","name":"Terms of Sales - Champagne Fr\u00e9d\u00e9ric Thi\u00e9bault in Pargny-l\u00e8s-Reims","isPartOf":{"@id":"https:\/\/www.champagnethiebaultfrederic.fr\/store\/en\/#website"},"datePublished":"2021-07-27T12:02:58+00:00","dateModified":"2021-07-30T13:52:37+00:00","description":"Terms of Sale applicable for the online sale of champagne on the Champagne Thi\u00e9bault Fr\u00e9d\u00e9ric site in Pargny-L\u00e8s-Reims","breadcrumb":{"@id":"https:\/\/www.champagnethiebaultfrederic.fr\/store\/en\/cgv\/#breadcrumb"},"inLanguage":"en-GB","potentialAction":[{"@type":"ReadAction","target":["https:\/\/www.champagnethiebaultfrederic.fr\/store\/en\/cgv\/"]}]},{"@type":"BreadcrumbList","@id":"https:\/\/www.champagnethiebaultfrederic.fr\/store\/en\/cgv\/#breadcrumb","itemListElement":[{"@type":"ListItem","position":1,"name":"Accueil","item":"https:\/\/www.champagnethiebaultfrederic.fr\/store\/en\/"},{"@type":"ListItem","position":2,"name":"Terms of Sales"}]},{"@type":"WebSite","@id":"https:\/\/www.champagnethiebaultfrederic.fr\/store\/en\/#website","url":"https:\/\/www.champagnethiebaultfrederic.fr\/store\/en\/","name":"Champagne Fr\u00e9d\u00e9ric Thi\u00e9bault En","description":"","publisher":{"@id":"https:\/\/www.champagnethiebaultfrederic.fr\/store\/en\/#organization"},"potentialAction":[{"@type":"SearchAction","target":{"@type":"EntryPoint","urlTemplate":"https:\/\/www.champagnethiebaultfrederic.fr\/store\/en\/?s={search_term_string}"},"query-input":"required name=search_term_string"}],"inLanguage":"en-GB"},{"@type":"Organization","@id":"https:\/\/www.champagnethiebaultfrederic.fr\/store\/en\/#organization","name":"Champagne Fr\u00e9d\u00e9ric Thi\u00e9bault","url":"https:\/\/www.champagnethiebaultfrederic.fr\/store\/en\/","logo":{"@type":"ImageObject","inLanguage":"en-GB","@id":"https:\/\/www.champagnethiebaultfrederic.fr\/store\/en\/#\/schema\/logo\/image\/","url":"https:\/\/www.champagnethiebaultfrederic.fr\/store\/en\/wp-content\/uploads\/sites\/2\/2021\/07\/logo-email.png","contentUrl":"https:\/\/www.champagnethiebaultfrederic.fr\/store\/en\/wp-content\/uploads\/sites\/2\/2021\/07\/logo-email.png","width":155,"height":118,"caption":"Champagne Fr\u00e9d\u00e9ric Thi\u00e9bault"},"image":{"@id":"https:\/\/www.champagnethiebaultfrederic.fr\/store\/en\/#\/schema\/logo\/image\/"},"sameAs":["https:\/\/www.facebook.com\/champagne.thiebault","https:\/\/www.instagram.com\/champagnefredericthiebault\/"]}]}},"_links":{"self":[{"href":"https:\/\/www.champagnethiebaultfrederic.fr\/store\/en\/wp-json\/wp\/v2\/pages\/83"}],"collection":[{"href":"https:\/\/www.champagnethiebaultfrederic.fr\/store\/en\/wp-json\/wp\/v2\/pages"}],"about":[{"href":"https:\/\/www.champagnethiebaultfrederic.fr\/store\/en\/wp-json\/wp\/v2\/types\/page"}],"author":[{"embeddable":true,"href":"https:\/\/www.champagnethiebaultfrederic.fr\/store\/en\/wp-json\/wp\/v2\/users\/1"}],"replies":[{"embeddable":true,"href":"https:\/\/www.champagnethiebaultfrederic.fr\/store\/en\/wp-json\/wp\/v2\/comments?post=83"}],"version-history":[{"count":0,"href":"https:\/\/www.champagnethiebaultfrederic.fr\/store\/en\/wp-json\/wp\/v2\/pages\/83\/revisions"}],"wp:attachment":[{"href":"https:\/\/www.champagnethiebaultfrederic.fr\/store\/en\/wp-json\/wp\/v2\/media?parent=83"}],"curies":[{"name":"wp","href":"https:\/\/api.w.org\/{rel}","templated":true}]}}