{"id":130,"date":"2023-11-27T12:26:23","date_gmt":"2023-11-27T11:26:23","guid":{"rendered":"https:\/\/www.champagnethiebaultfrederic.fr\/store\/en\/?post_type=product&#038;p=130"},"modified":"2025-12-03T16:03:39","modified_gmt":"2025-12-03T15:03:39","slug":"champagne-harmonie-2012","status":"publish","type":"product","link":"https:\/\/www.champagnethiebaultfrederic.fr\/store\/en\/champagnes\/champagne-harmonie-2012\/","title":{"rendered":"Champagne Harmonie 2012"},"content":{"rendered":"<p>This 2012 vintage is decidedly full of \u2018Harmonie\u2019, and most likely one of the best vintages of its decade.<br \/>\nIt naturally boasts intense flavours enhanced by zesty finesse.<\/p>\n<p>It is quite the miracle that the poor weather of that year would grow such great vintage wine.<\/p>\n<p>In the springtime, aggressive outbreaks of mildew reduced production by 30% but the beautiful sunshine of that summer enabled slow maturation and a good concentration for the fruit to be harvested later than usual. The grapes proved to be of high quality: high in sugar, with low pH and good acidic levels. The Chardonnay grapes are revealed through heartwarming aromas of ripe citrus, together with the crisp energy of our Pinot Noirs and the fruity flavours of the Meunier grapes.<\/p>\n<p>In short, &#8220;Harmonie&#8221; is most likely one of the best vintages of its decade.<\/p>\n<p>For a little treat: as a pre-dinner drink, with brioche<br \/>\nFor cosy times: pair it with salmon tartare<br \/>\nHaute couture: serve with monkfish medallions with citrus; quails with raisins; parsnip mashed with hazelnut oil<\/p>\n","protected":false},"excerpt":{"rendered":"<p>This 2012 vintage is decidedly full of \u2018Harmonie\u2019, and most likely one of the best vintages of its decade.<\/p>\n","protected":false},"featured_media":132,"template":"","meta":[],"product_cat":[18],"product_tag":[],"yoast_head":"<!-- This site is optimized with the Yoast SEO plugin v22.5 - https:\/\/yoast.com\/wordpress\/plugins\/seo\/ -->\n<title>Champagne Mill\u00e9sim\u00e9 - Champagne Fr\u00e9d\u00e9ric Thi\u00e9bault Pargny-l\u00e8s-Reims<\/title>\n<meta name=\"description\" content=\"This vintage cuv\u00e9e is the result of an exceptional year. Produced in limited quantities, it is aged for a minimum of 10 years in the cellar.\" \/>\n<meta name=\"robots\" content=\"index, follow, max-snippet:-1, max-image-preview:large, max-video-preview:-1\" \/>\n<link rel=\"canonical\" href=\"https:\/\/www.champagnethiebaultfrederic.fr\/store\/en\/champagnes\/champagne-harmonie-2012\/\" \/>\n<meta property=\"og:locale\" content=\"en_GB\" \/>\n<meta property=\"og:type\" content=\"article\" \/>\n<meta property=\"og:title\" content=\"Champagne Mill\u00e9sim\u00e9 - Champagne Fr\u00e9d\u00e9ric Thi\u00e9bault Pargny-l\u00e8s-Reims\" \/>\n<meta property=\"og:description\" content=\"This vintage cuv\u00e9e is the result of an exceptional year. Produced in limited quantities, it is aged for a minimum of 10 years in the cellar.\" \/>\n<meta property=\"og:url\" content=\"https:\/\/www.champagnethiebaultfrederic.fr\/store\/en\/champagnes\/champagne-harmonie-2012\/\" \/>\n<meta property=\"og:site_name\" content=\"Champagne Fr\u00e9d\u00e9ric Thi\u00e9bault En\" \/>\n<meta property=\"article:publisher\" content=\"https:\/\/www.facebook.com\/champagne.thiebault\" \/>\n<meta property=\"article:modified_time\" content=\"2025-12-03T15:03:39+00:00\" \/>\n<meta property=\"og:image\" content=\"https:\/\/www.champagnethiebaultfrederic.fr\/store\/en\/wp-content\/uploads\/sites\/2\/2023\/11\/harmonie.png\" \/>\n\t<meta property=\"og:image:width\" content=\"310\" \/>\n\t<meta property=\"og:image:height\" content=\"860\" \/>\n\t<meta property=\"og:image:type\" content=\"image\/png\" \/>\n<meta name=\"twitter:card\" content=\"summary_large_image\" \/>\n<meta name=\"twitter:label1\" content=\"Estimated reading time\" \/>\n\t<meta name=\"twitter:data1\" content=\"1 minute\" \/>\n<script type=\"application\/ld+json\" class=\"yoast-schema-graph\">{\"@context\":\"https:\/\/schema.org\",\"@graph\":[{\"@type\":\"WebPage\",\"@id\":\"https:\/\/www.champagnethiebaultfrederic.fr\/store\/en\/champagnes\/champagne-harmonie-2012\/\",\"url\":\"https:\/\/www.champagnethiebaultfrederic.fr\/store\/en\/champagnes\/champagne-harmonie-2012\/\",\"name\":\"Champagne Mill\u00e9sim\u00e9 - Champagne Fr\u00e9d\u00e9ric Thi\u00e9bault Pargny-l\u00e8s-Reims\",\"isPartOf\":{\"@id\":\"https:\/\/www.champagnethiebaultfrederic.fr\/store\/en\/#website\"},\"primaryImageOfPage\":{\"@id\":\"https:\/\/www.champagnethiebaultfrederic.fr\/store\/en\/champagnes\/champagne-harmonie-2012\/#primaryimage\"},\"image\":{\"@id\":\"https:\/\/www.champagnethiebaultfrederic.fr\/store\/en\/champagnes\/champagne-harmonie-2012\/#primaryimage\"},\"thumbnailUrl\":\"https:\/\/www.champagnethiebaultfrederic.fr\/store\/en\/wp-content\/uploads\/sites\/2\/2023\/11\/harmonie.png\",\"datePublished\":\"2023-11-27T11:26:23+00:00\",\"dateModified\":\"2025-12-03T15:03:39+00:00\",\"description\":\"This vintage cuv\u00e9e is the result of an exceptional year. Produced in limited quantities, it is aged for a minimum of 10 years in the cellar.\",\"breadcrumb\":{\"@id\":\"https:\/\/www.champagnethiebaultfrederic.fr\/store\/en\/champagnes\/champagne-harmonie-2012\/#breadcrumb\"},\"inLanguage\":\"en-GB\",\"potentialAction\":[{\"@type\":\"ReadAction\",\"target\":[\"https:\/\/www.champagnethiebaultfrederic.fr\/store\/en\/champagnes\/champagne-harmonie-2012\/\"]}]},{\"@type\":\"ImageObject\",\"inLanguage\":\"en-GB\",\"@id\":\"https:\/\/www.champagnethiebaultfrederic.fr\/store\/en\/champagnes\/champagne-harmonie-2012\/#primaryimage\",\"url\":\"https:\/\/www.champagnethiebaultfrederic.fr\/store\/en\/wp-content\/uploads\/sites\/2\/2023\/11\/harmonie.png\",\"contentUrl\":\"https:\/\/www.champagnethiebaultfrederic.fr\/store\/en\/wp-content\/uploads\/sites\/2\/2023\/11\/harmonie.png\",\"width\":310,\"height\":860,\"caption\":\"Cuv\u00e9e Harmonie 2012 Champagne Fr\u00e9d\u00e9ric Thi\u00e9bault\"},{\"@type\":\"BreadcrumbList\",\"@id\":\"https:\/\/www.champagnethiebaultfrederic.fr\/store\/en\/champagnes\/champagne-harmonie-2012\/#breadcrumb\",\"itemListElement\":[{\"@type\":\"ListItem\",\"position\":1,\"name\":\"Accueil\",\"item\":\"https:\/\/www.champagnethiebaultfrederic.fr\/store\/en\/\"},{\"@type\":\"ListItem\",\"position\":2,\"name\":\"Products\",\"item\":\"https:\/\/www.champagnethiebaultfrederic.fr\/store\/en\/shop\/\"},{\"@type\":\"ListItem\",\"position\":3,\"name\":\"Champagne Harmonie 2012\"}]},{\"@type\":\"WebSite\",\"@id\":\"https:\/\/www.champagnethiebaultfrederic.fr\/store\/en\/#website\",\"url\":\"https:\/\/www.champagnethiebaultfrederic.fr\/store\/en\/\",\"name\":\"Champagne Fr\u00e9d\u00e9ric Thi\u00e9bault En\",\"description\":\"\",\"publisher\":{\"@id\":\"https:\/\/www.champagnethiebaultfrederic.fr\/store\/en\/#organization\"},\"potentialAction\":[{\"@type\":\"SearchAction\",\"target\":{\"@type\":\"EntryPoint\",\"urlTemplate\":\"https:\/\/www.champagnethiebaultfrederic.fr\/store\/en\/?s={search_term_string}\"},\"query-input\":\"required name=search_term_string\"}],\"inLanguage\":\"en-GB\"},{\"@type\":\"Organization\",\"@id\":\"https:\/\/www.champagnethiebaultfrederic.fr\/store\/en\/#organization\",\"name\":\"Champagne Fr\u00e9d\u00e9ric Thi\u00e9bault\",\"url\":\"https:\/\/www.champagnethiebaultfrederic.fr\/store\/en\/\",\"logo\":{\"@type\":\"ImageObject\",\"inLanguage\":\"en-GB\",\"@id\":\"https:\/\/www.champagnethiebaultfrederic.fr\/store\/en\/#\/schema\/logo\/image\/\",\"url\":\"https:\/\/www.champagnethiebaultfrederic.fr\/store\/en\/wp-content\/uploads\/sites\/2\/2021\/07\/logo-email.png\",\"contentUrl\":\"https:\/\/www.champagnethiebaultfrederic.fr\/store\/en\/wp-content\/uploads\/sites\/2\/2021\/07\/logo-email.png\",\"width\":155,\"height\":118,\"caption\":\"Champagne Fr\u00e9d\u00e9ric Thi\u00e9bault\"},\"image\":{\"@id\":\"https:\/\/www.champagnethiebaultfrederic.fr\/store\/en\/#\/schema\/logo\/image\/\"},\"sameAs\":[\"https:\/\/www.facebook.com\/champagne.thiebault\",\"https:\/\/www.instagram.com\/champagnefredericthiebault\/\"]}]}<\/script>\n<!-- \/ Yoast SEO plugin. -->","yoast_head_json":{"title":"Champagne Mill\u00e9sim\u00e9 - Champagne Fr\u00e9d\u00e9ric Thi\u00e9bault Pargny-l\u00e8s-Reims","description":"This vintage cuv\u00e9e is the result of an exceptional year. Produced in limited quantities, it is aged for a minimum of 10 years in the cellar.","robots":{"index":"index","follow":"follow","max-snippet":"max-snippet:-1","max-image-preview":"max-image-preview:large","max-video-preview":"max-video-preview:-1"},"canonical":"https:\/\/www.champagnethiebaultfrederic.fr\/store\/en\/champagnes\/champagne-harmonie-2012\/","og_locale":"en_GB","og_type":"article","og_title":"Champagne Mill\u00e9sim\u00e9 - Champagne Fr\u00e9d\u00e9ric Thi\u00e9bault Pargny-l\u00e8s-Reims","og_description":"This vintage cuv\u00e9e is the result of an exceptional year. Produced in limited quantities, it is aged for a minimum of 10 years in the cellar.","og_url":"https:\/\/www.champagnethiebaultfrederic.fr\/store\/en\/champagnes\/champagne-harmonie-2012\/","og_site_name":"Champagne Fr\u00e9d\u00e9ric Thi\u00e9bault En","article_publisher":"https:\/\/www.facebook.com\/champagne.thiebault","article_modified_time":"2025-12-03T15:03:39+00:00","og_image":[{"width":310,"height":860,"url":"https:\/\/www.champagnethiebaultfrederic.fr\/store\/en\/wp-content\/uploads\/sites\/2\/2023\/11\/harmonie.png","type":"image\/png"}],"twitter_card":"summary_large_image","twitter_misc":{"Estimated reading time":"1 minute"},"schema":{"@context":"https:\/\/schema.org","@graph":[{"@type":"WebPage","@id":"https:\/\/www.champagnethiebaultfrederic.fr\/store\/en\/champagnes\/champagne-harmonie-2012\/","url":"https:\/\/www.champagnethiebaultfrederic.fr\/store\/en\/champagnes\/champagne-harmonie-2012\/","name":"Champagne Mill\u00e9sim\u00e9 - Champagne Fr\u00e9d\u00e9ric Thi\u00e9bault Pargny-l\u00e8s-Reims","isPartOf":{"@id":"https:\/\/www.champagnethiebaultfrederic.fr\/store\/en\/#website"},"primaryImageOfPage":{"@id":"https:\/\/www.champagnethiebaultfrederic.fr\/store\/en\/champagnes\/champagne-harmonie-2012\/#primaryimage"},"image":{"@id":"https:\/\/www.champagnethiebaultfrederic.fr\/store\/en\/champagnes\/champagne-harmonie-2012\/#primaryimage"},"thumbnailUrl":"https:\/\/www.champagnethiebaultfrederic.fr\/store\/en\/wp-content\/uploads\/sites\/2\/2023\/11\/harmonie.png","datePublished":"2023-11-27T11:26:23+00:00","dateModified":"2025-12-03T15:03:39+00:00","description":"This vintage cuv\u00e9e is the result of an exceptional year. Produced in limited quantities, it is aged for a minimum of 10 years in the cellar.","breadcrumb":{"@id":"https:\/\/www.champagnethiebaultfrederic.fr\/store\/en\/champagnes\/champagne-harmonie-2012\/#breadcrumb"},"inLanguage":"en-GB","potentialAction":[{"@type":"ReadAction","target":["https:\/\/www.champagnethiebaultfrederic.fr\/store\/en\/champagnes\/champagne-harmonie-2012\/"]}]},{"@type":"ImageObject","inLanguage":"en-GB","@id":"https:\/\/www.champagnethiebaultfrederic.fr\/store\/en\/champagnes\/champagne-harmonie-2012\/#primaryimage","url":"https:\/\/www.champagnethiebaultfrederic.fr\/store\/en\/wp-content\/uploads\/sites\/2\/2023\/11\/harmonie.png","contentUrl":"https:\/\/www.champagnethiebaultfrederic.fr\/store\/en\/wp-content\/uploads\/sites\/2\/2023\/11\/harmonie.png","width":310,"height":860,"caption":"Cuv\u00e9e Harmonie 2012 Champagne Fr\u00e9d\u00e9ric Thi\u00e9bault"},{"@type":"BreadcrumbList","@id":"https:\/\/www.champagnethiebaultfrederic.fr\/store\/en\/champagnes\/champagne-harmonie-2012\/#breadcrumb","itemListElement":[{"@type":"ListItem","position":1,"name":"Accueil","item":"https:\/\/www.champagnethiebaultfrederic.fr\/store\/en\/"},{"@type":"ListItem","position":2,"name":"Products","item":"https:\/\/www.champagnethiebaultfrederic.fr\/store\/en\/shop\/"},{"@type":"ListItem","position":3,"name":"Champagne Harmonie 2012"}]},{"@type":"WebSite","@id":"https:\/\/www.champagnethiebaultfrederic.fr\/store\/en\/#website","url":"https:\/\/www.champagnethiebaultfrederic.fr\/store\/en\/","name":"Champagne Fr\u00e9d\u00e9ric Thi\u00e9bault En","description":"","publisher":{"@id":"https:\/\/www.champagnethiebaultfrederic.fr\/store\/en\/#organization"},"potentialAction":[{"@type":"SearchAction","target":{"@type":"EntryPoint","urlTemplate":"https:\/\/www.champagnethiebaultfrederic.fr\/store\/en\/?s={search_term_string}"},"query-input":"required name=search_term_string"}],"inLanguage":"en-GB"},{"@type":"Organization","@id":"https:\/\/www.champagnethiebaultfrederic.fr\/store\/en\/#organization","name":"Champagne Fr\u00e9d\u00e9ric Thi\u00e9bault","url":"https:\/\/www.champagnethiebaultfrederic.fr\/store\/en\/","logo":{"@type":"ImageObject","inLanguage":"en-GB","@id":"https:\/\/www.champagnethiebaultfrederic.fr\/store\/en\/#\/schema\/logo\/image\/","url":"https:\/\/www.champagnethiebaultfrederic.fr\/store\/en\/wp-content\/uploads\/sites\/2\/2021\/07\/logo-email.png","contentUrl":"https:\/\/www.champagnethiebaultfrederic.fr\/store\/en\/wp-content\/uploads\/sites\/2\/2021\/07\/logo-email.png","width":155,"height":118,"caption":"Champagne Fr\u00e9d\u00e9ric Thi\u00e9bault"},"image":{"@id":"https:\/\/www.champagnethiebaultfrederic.fr\/store\/en\/#\/schema\/logo\/image\/"},"sameAs":["https:\/\/www.facebook.com\/champagne.thiebault","https:\/\/www.instagram.com\/champagnefredericthiebault\/"]}]}},"_links":{"self":[{"href":"https:\/\/www.champagnethiebaultfrederic.fr\/store\/en\/wp-json\/wp\/v2\/product\/130"}],"collection":[{"href":"https:\/\/www.champagnethiebaultfrederic.fr\/store\/en\/wp-json\/wp\/v2\/product"}],"about":[{"href":"https:\/\/www.champagnethiebaultfrederic.fr\/store\/en\/wp-json\/wp\/v2\/types\/product"}],"wp:featuredmedia":[{"embeddable":true,"href":"https:\/\/www.champagnethiebaultfrederic.fr\/store\/en\/wp-json\/wp\/v2\/media\/132"}],"wp:attachment":[{"href":"https:\/\/www.champagnethiebaultfrederic.fr\/store\/en\/wp-json\/wp\/v2\/media?parent=130"}],"wp:term":[{"taxonomy":"product_cat","embeddable":true,"href":"https:\/\/www.champagnethiebaultfrederic.fr\/store\/en\/wp-json\/wp\/v2\/product_cat?post=130"},{"taxonomy":"product_tag","embeddable":true,"href":"https:\/\/www.champagnethiebaultfrederic.fr\/store\/en\/wp-json\/wp\/v2\/product_tag?post=130"}],"curies":[{"name":"wp","href":"https:\/\/api.w.org\/{rel}","templated":true}]}}