{"id":147,"date":"2025-10-07T19:11:29","date_gmt":"2025-10-07T17:11:29","guid":{"rendered":"https:\/\/www.champagnethiebaultfrederic.fr\/store\/en\/?post_type=product&#038;p=147"},"modified":"2025-12-03T16:01:44","modified_gmt":"2025-12-03T15:01:44","slug":"champagne-lescrayeres","status":"publish","type":"product","link":"https:\/\/www.champagnethiebaultfrederic.fr\/store\/en\/champagnes\/champagne-lescrayeres\/","title":{"rendered":"Champagne Les cray\u00e8res"},"content":{"rendered":"<p>Fabian has decided to put together his experience and his affection for dark-skinned grapes for you to experience his very first vintage made solely out of black grapes (Blanc de noirs) displaying elegance, intensity and authenticity. Produced exclusively from meticulously-handpicked dark grapes, this Blanc de noirs is vinified without skin maceration. For Fabian, this champagne is the connexion between the past (tradition and expertise) and the future.<\/p>\n<p>The soil on which these tasty, well-drained and sun-warmed grapes grow, gives the wine character and depth.<\/p>\n<p>Because of this young winegrower\u2019s approach, the new vintage gains in freshness and clarity. With every sip, you will find the right fruitiness and aromatic purity that Fabian seeks to maintain: fresh fruit (peach &amp; apricot), delicate floral hints and a fine minerality that epitomises the essence of the terroir and the name of this cuv\u00e9e: Les Cray\u00e8res By Fabian<\/p>\n","protected":false},"excerpt":{"rendered":"<p>Fabian\u2019s love for his work combined with his expertise have resulted in this first vintage which honours the dark-skinned grapes he is so fond of.<\/p>\n<p>This Blanc de noirs expresses all the richness of the terroir: intensity, aromatic purity and a subtle minerality which shape its character.<\/p>\n<p>This champagne is genuine and elegant, echoing the relationship we maintain between tradition and the future.<\/p>\n","protected":false},"featured_media":151,"template":"","meta":[],"product_cat":[18],"product_tag":[],"yoast_head":"<!-- This site is optimized with the Yoast SEO plugin v22.5 - https:\/\/yoast.com\/wordpress\/plugins\/seo\/ -->\n<title>La Maine Blanche - Champagne Fr\u00e9d\u00e9ric Thi\u00e9bault in Pargny-l\u00e8s-Reims<\/title>\n<meta name=\"description\" content=\"Champagne Blanc de blancs (100% Chardonnay) from the harvest of a single year, aged in oak barrels and aged for 7 years in the cellar.\" \/>\n<meta name=\"robots\" content=\"index, follow, max-snippet:-1, max-image-preview:large, max-video-preview:-1\" \/>\n<link rel=\"canonical\" href=\"https:\/\/www.champagnethiebaultfrederic.fr\/store\/en\/champagnes\/champagne-lescrayeres\/\" \/>\n<meta property=\"og:locale\" content=\"en_GB\" \/>\n<meta property=\"og:type\" content=\"article\" \/>\n<meta property=\"og:title\" content=\"La Maine Blanche - Champagne Fr\u00e9d\u00e9ric Thi\u00e9bault in Pargny-l\u00e8s-Reims\" \/>\n<meta property=\"og:description\" content=\"Champagne Blanc de blancs (100% Chardonnay) from the harvest of a single year, aged in oak barrels and aged for 7 years in the cellar.\" \/>\n<meta property=\"og:url\" content=\"https:\/\/www.champagnethiebaultfrederic.fr\/store\/en\/champagnes\/champagne-lescrayeres\/\" \/>\n<meta property=\"og:site_name\" content=\"Champagne Fr\u00e9d\u00e9ric Thi\u00e9bault En\" \/>\n<meta property=\"article:publisher\" content=\"https:\/\/www.facebook.com\/champagne.thiebault\" \/>\n<meta property=\"article:modified_time\" content=\"2025-12-03T15:01:44+00:00\" \/>\n<meta property=\"og:image\" content=\"https:\/\/www.champagnethiebaultfrederic.fr\/store\/en\/wp-content\/uploads\/sites\/2\/2025\/10\/lescrayeres.png\" \/>\n\t<meta property=\"og:image:width\" content=\"310\" \/>\n\t<meta property=\"og:image:height\" content=\"860\" \/>\n\t<meta property=\"og:image:type\" content=\"image\/png\" \/>\n<meta name=\"twitter:card\" content=\"summary_large_image\" \/>\n<meta name=\"twitter:label1\" content=\"Estimated reading time\" \/>\n\t<meta name=\"twitter:data1\" content=\"1 minute\" \/>\n<script type=\"application\/ld+json\" class=\"yoast-schema-graph\">{\"@context\":\"https:\/\/schema.org\",\"@graph\":[{\"@type\":\"WebPage\",\"@id\":\"https:\/\/www.champagnethiebaultfrederic.fr\/store\/en\/champagnes\/champagne-lescrayeres\/\",\"url\":\"https:\/\/www.champagnethiebaultfrederic.fr\/store\/en\/champagnes\/champagne-lescrayeres\/\",\"name\":\"La Maine Blanche - Champagne Fr\u00e9d\u00e9ric Thi\u00e9bault in Pargny-l\u00e8s-Reims\",\"isPartOf\":{\"@id\":\"https:\/\/www.champagnethiebaultfrederic.fr\/store\/en\/#website\"},\"primaryImageOfPage\":{\"@id\":\"https:\/\/www.champagnethiebaultfrederic.fr\/store\/en\/champagnes\/champagne-lescrayeres\/#primaryimage\"},\"image\":{\"@id\":\"https:\/\/www.champagnethiebaultfrederic.fr\/store\/en\/champagnes\/champagne-lescrayeres\/#primaryimage\"},\"thumbnailUrl\":\"https:\/\/www.champagnethiebaultfrederic.fr\/store\/en\/wp-content\/uploads\/sites\/2\/2025\/10\/lescrayeres.png\",\"datePublished\":\"2025-10-07T17:11:29+00:00\",\"dateModified\":\"2025-12-03T15:01:44+00:00\",\"description\":\"Champagne Blanc de blancs (100% Chardonnay) from the harvest of a single year, aged in oak barrels and aged for 7 years in the cellar.\",\"breadcrumb\":{\"@id\":\"https:\/\/www.champagnethiebaultfrederic.fr\/store\/en\/champagnes\/champagne-lescrayeres\/#breadcrumb\"},\"inLanguage\":\"en-GB\",\"potentialAction\":[{\"@type\":\"ReadAction\",\"target\":[\"https:\/\/www.champagnethiebaultfrederic.fr\/store\/en\/champagnes\/champagne-lescrayeres\/\"]}]},{\"@type\":\"ImageObject\",\"inLanguage\":\"en-GB\",\"@id\":\"https:\/\/www.champagnethiebaultfrederic.fr\/store\/en\/champagnes\/champagne-lescrayeres\/#primaryimage\",\"url\":\"https:\/\/www.champagnethiebaultfrederic.fr\/store\/en\/wp-content\/uploads\/sites\/2\/2025\/10\/lescrayeres.png\",\"contentUrl\":\"https:\/\/www.champagnethiebaultfrederic.fr\/store\/en\/wp-content\/uploads\/sites\/2\/2025\/10\/lescrayeres.png\",\"width\":310,\"height\":860,\"caption\":\"Champagne Thi\u00e9bault Les Cray\u00e8res by Fabian\"},{\"@type\":\"BreadcrumbList\",\"@id\":\"https:\/\/www.champagnethiebaultfrederic.fr\/store\/en\/champagnes\/champagne-lescrayeres\/#breadcrumb\",\"itemListElement\":[{\"@type\":\"ListItem\",\"position\":1,\"name\":\"Accueil\",\"item\":\"https:\/\/www.champagnethiebaultfrederic.fr\/store\/en\/\"},{\"@type\":\"ListItem\",\"position\":2,\"name\":\"Products\",\"item\":\"https:\/\/www.champagnethiebaultfrederic.fr\/store\/en\/shop\/\"},{\"@type\":\"ListItem\",\"position\":3,\"name\":\"Champagne Les cray\u00e8res\"}]},{\"@type\":\"WebSite\",\"@id\":\"https:\/\/www.champagnethiebaultfrederic.fr\/store\/en\/#website\",\"url\":\"https:\/\/www.champagnethiebaultfrederic.fr\/store\/en\/\",\"name\":\"Champagne Fr\u00e9d\u00e9ric Thi\u00e9bault En\",\"description\":\"\",\"publisher\":{\"@id\":\"https:\/\/www.champagnethiebaultfrederic.fr\/store\/en\/#organization\"},\"potentialAction\":[{\"@type\":\"SearchAction\",\"target\":{\"@type\":\"EntryPoint\",\"urlTemplate\":\"https:\/\/www.champagnethiebaultfrederic.fr\/store\/en\/?s={search_term_string}\"},\"query-input\":\"required name=search_term_string\"}],\"inLanguage\":\"en-GB\"},{\"@type\":\"Organization\",\"@id\":\"https:\/\/www.champagnethiebaultfrederic.fr\/store\/en\/#organization\",\"name\":\"Champagne Fr\u00e9d\u00e9ric Thi\u00e9bault\",\"url\":\"https:\/\/www.champagnethiebaultfrederic.fr\/store\/en\/\",\"logo\":{\"@type\":\"ImageObject\",\"inLanguage\":\"en-GB\",\"@id\":\"https:\/\/www.champagnethiebaultfrederic.fr\/store\/en\/#\/schema\/logo\/image\/\",\"url\":\"https:\/\/www.champagnethiebaultfrederic.fr\/store\/en\/wp-content\/uploads\/sites\/2\/2021\/07\/logo-email.png\",\"contentUrl\":\"https:\/\/www.champagnethiebaultfrederic.fr\/store\/en\/wp-content\/uploads\/sites\/2\/2021\/07\/logo-email.png\",\"width\":155,\"height\":118,\"caption\":\"Champagne Fr\u00e9d\u00e9ric Thi\u00e9bault\"},\"image\":{\"@id\":\"https:\/\/www.champagnethiebaultfrederic.fr\/store\/en\/#\/schema\/logo\/image\/\"},\"sameAs\":[\"https:\/\/www.facebook.com\/champagne.thiebault\",\"https:\/\/www.instagram.com\/champagnefredericthiebault\/\"]}]}<\/script>\n<!-- \/ Yoast SEO plugin. -->","yoast_head_json":{"title":"La Maine Blanche - Champagne Fr\u00e9d\u00e9ric Thi\u00e9bault in Pargny-l\u00e8s-Reims","description":"Champagne Blanc de blancs (100% Chardonnay) from the harvest of a single year, aged in oak barrels and aged for 7 years in the cellar.","robots":{"index":"index","follow":"follow","max-snippet":"max-snippet:-1","max-image-preview":"max-image-preview:large","max-video-preview":"max-video-preview:-1"},"canonical":"https:\/\/www.champagnethiebaultfrederic.fr\/store\/en\/champagnes\/champagne-lescrayeres\/","og_locale":"en_GB","og_type":"article","og_title":"La Maine Blanche - Champagne Fr\u00e9d\u00e9ric Thi\u00e9bault in Pargny-l\u00e8s-Reims","og_description":"Champagne Blanc de blancs (100% Chardonnay) from the harvest of a single year, aged in oak barrels and aged for 7 years in the cellar.","og_url":"https:\/\/www.champagnethiebaultfrederic.fr\/store\/en\/champagnes\/champagne-lescrayeres\/","og_site_name":"Champagne Fr\u00e9d\u00e9ric Thi\u00e9bault En","article_publisher":"https:\/\/www.facebook.com\/champagne.thiebault","article_modified_time":"2025-12-03T15:01:44+00:00","og_image":[{"width":310,"height":860,"url":"https:\/\/www.champagnethiebaultfrederic.fr\/store\/en\/wp-content\/uploads\/sites\/2\/2025\/10\/lescrayeres.png","type":"image\/png"}],"twitter_card":"summary_large_image","twitter_misc":{"Estimated reading time":"1 minute"},"schema":{"@context":"https:\/\/schema.org","@graph":[{"@type":"WebPage","@id":"https:\/\/www.champagnethiebaultfrederic.fr\/store\/en\/champagnes\/champagne-lescrayeres\/","url":"https:\/\/www.champagnethiebaultfrederic.fr\/store\/en\/champagnes\/champagne-lescrayeres\/","name":"La Maine Blanche - Champagne Fr\u00e9d\u00e9ric Thi\u00e9bault in Pargny-l\u00e8s-Reims","isPartOf":{"@id":"https:\/\/www.champagnethiebaultfrederic.fr\/store\/en\/#website"},"primaryImageOfPage":{"@id":"https:\/\/www.champagnethiebaultfrederic.fr\/store\/en\/champagnes\/champagne-lescrayeres\/#primaryimage"},"image":{"@id":"https:\/\/www.champagnethiebaultfrederic.fr\/store\/en\/champagnes\/champagne-lescrayeres\/#primaryimage"},"thumbnailUrl":"https:\/\/www.champagnethiebaultfrederic.fr\/store\/en\/wp-content\/uploads\/sites\/2\/2025\/10\/lescrayeres.png","datePublished":"2025-10-07T17:11:29+00:00","dateModified":"2025-12-03T15:01:44+00:00","description":"Champagne Blanc de blancs (100% Chardonnay) from the harvest of a single year, aged in oak barrels and aged for 7 years in the cellar.","breadcrumb":{"@id":"https:\/\/www.champagnethiebaultfrederic.fr\/store\/en\/champagnes\/champagne-lescrayeres\/#breadcrumb"},"inLanguage":"en-GB","potentialAction":[{"@type":"ReadAction","target":["https:\/\/www.champagnethiebaultfrederic.fr\/store\/en\/champagnes\/champagne-lescrayeres\/"]}]},{"@type":"ImageObject","inLanguage":"en-GB","@id":"https:\/\/www.champagnethiebaultfrederic.fr\/store\/en\/champagnes\/champagne-lescrayeres\/#primaryimage","url":"https:\/\/www.champagnethiebaultfrederic.fr\/store\/en\/wp-content\/uploads\/sites\/2\/2025\/10\/lescrayeres.png","contentUrl":"https:\/\/www.champagnethiebaultfrederic.fr\/store\/en\/wp-content\/uploads\/sites\/2\/2025\/10\/lescrayeres.png","width":310,"height":860,"caption":"Champagne Thi\u00e9bault Les Cray\u00e8res by Fabian"},{"@type":"BreadcrumbList","@id":"https:\/\/www.champagnethiebaultfrederic.fr\/store\/en\/champagnes\/champagne-lescrayeres\/#breadcrumb","itemListElement":[{"@type":"ListItem","position":1,"name":"Accueil","item":"https:\/\/www.champagnethiebaultfrederic.fr\/store\/en\/"},{"@type":"ListItem","position":2,"name":"Products","item":"https:\/\/www.champagnethiebaultfrederic.fr\/store\/en\/shop\/"},{"@type":"ListItem","position":3,"name":"Champagne Les cray\u00e8res"}]},{"@type":"WebSite","@id":"https:\/\/www.champagnethiebaultfrederic.fr\/store\/en\/#website","url":"https:\/\/www.champagnethiebaultfrederic.fr\/store\/en\/","name":"Champagne Fr\u00e9d\u00e9ric Thi\u00e9bault En","description":"","publisher":{"@id":"https:\/\/www.champagnethiebaultfrederic.fr\/store\/en\/#organization"},"potentialAction":[{"@type":"SearchAction","target":{"@type":"EntryPoint","urlTemplate":"https:\/\/www.champagnethiebaultfrederic.fr\/store\/en\/?s={search_term_string}"},"query-input":"required name=search_term_string"}],"inLanguage":"en-GB"},{"@type":"Organization","@id":"https:\/\/www.champagnethiebaultfrederic.fr\/store\/en\/#organization","name":"Champagne Fr\u00e9d\u00e9ric Thi\u00e9bault","url":"https:\/\/www.champagnethiebaultfrederic.fr\/store\/en\/","logo":{"@type":"ImageObject","inLanguage":"en-GB","@id":"https:\/\/www.champagnethiebaultfrederic.fr\/store\/en\/#\/schema\/logo\/image\/","url":"https:\/\/www.champagnethiebaultfrederic.fr\/store\/en\/wp-content\/uploads\/sites\/2\/2021\/07\/logo-email.png","contentUrl":"https:\/\/www.champagnethiebaultfrederic.fr\/store\/en\/wp-content\/uploads\/sites\/2\/2021\/07\/logo-email.png","width":155,"height":118,"caption":"Champagne Fr\u00e9d\u00e9ric Thi\u00e9bault"},"image":{"@id":"https:\/\/www.champagnethiebaultfrederic.fr\/store\/en\/#\/schema\/logo\/image\/"},"sameAs":["https:\/\/www.facebook.com\/champagne.thiebault","https:\/\/www.instagram.com\/champagnefredericthiebault\/"]}]}},"_links":{"self":[{"href":"https:\/\/www.champagnethiebaultfrederic.fr\/store\/en\/wp-json\/wp\/v2\/product\/147"}],"collection":[{"href":"https:\/\/www.champagnethiebaultfrederic.fr\/store\/en\/wp-json\/wp\/v2\/product"}],"about":[{"href":"https:\/\/www.champagnethiebaultfrederic.fr\/store\/en\/wp-json\/wp\/v2\/types\/product"}],"wp:featuredmedia":[{"embeddable":true,"href":"https:\/\/www.champagnethiebaultfrederic.fr\/store\/en\/wp-json\/wp\/v2\/media\/151"}],"wp:attachment":[{"href":"https:\/\/www.champagnethiebaultfrederic.fr\/store\/en\/wp-json\/wp\/v2\/media?parent=147"}],"wp:term":[{"taxonomy":"product_cat","embeddable":true,"href":"https:\/\/www.champagnethiebaultfrederic.fr\/store\/en\/wp-json\/wp\/v2\/product_cat?post=147"},{"taxonomy":"product_tag","embeddable":true,"href":"https:\/\/www.champagnethiebaultfrederic.fr\/store\/en\/wp-json\/wp\/v2\/product_tag?post=147"}],"curies":[{"name":"wp","href":"https:\/\/api.w.org\/{rel}","templated":true}]}}