{"id":41,"date":"2021-07-26T19:14:30","date_gmt":"2021-07-26T17:14:30","guid":{"rendered":"http:\/\/www.champagnethiebaultfrederic.fr\/store\/en\/?post_type=product&#038;p=41"},"modified":"2023-08-29T13:43:26","modified_gmt":"2023-08-29T11:43:26","slug":"champagne-rose","status":"publish","type":"product","link":"https:\/\/www.champagnethiebaultfrederic.fr\/store\/en\/champagnes\/champagne-rose\/","title":{"rendered":"Champagne Ros\u00e9"},"content":{"rendered":"<p>This a Ros\u00e9 blend made with our Champagne R\u00e9serve and aged for five years in our cellars. Its pretty rosy robe hides behind the green of the bottle, revealed only when served. And when you taste it, this wine expresses aromas of berries and a crisp fresh flavour, making it a very harmonious kind of champagne.<\/p>\n","protected":false},"excerpt":{"rendered":"<p>Its pretty pink robe is an enchantment for the eyes. Its generous effervescence and fruit content are beyond compare.<\/p>\n","protected":false},"featured_media":62,"template":"","meta":[],"product_cat":[18],"product_tag":[],"yoast_head":"<!-- This site is optimized with the Yoast SEO plugin v22.5 - https:\/\/yoast.com\/wordpress\/plugins\/seo\/ -->\n<title>Champagne Ros\u00e9 - Champagne Fr\u00e9d\u00e9ric Thi\u00e9bault in Pargny-l\u00e8s-Reims<\/title>\n<meta name=\"description\" content=\"Our Ros\u00e9 Champagne is delicious and fruity. Its fine bubbles, its aromas and its freshness on tasting make it a harmonious champagne.\" \/>\n<meta name=\"robots\" content=\"index, follow, max-snippet:-1, max-image-preview:large, max-video-preview:-1\" \/>\n<link rel=\"canonical\" href=\"https:\/\/www.champagnethiebaultfrederic.fr\/store\/en\/champagnes\/champagne-rose\/\" \/>\n<meta property=\"og:locale\" content=\"en_GB\" \/>\n<meta property=\"og:type\" content=\"article\" \/>\n<meta property=\"og:title\" content=\"Champagne Ros\u00e9 - Champagne Fr\u00e9d\u00e9ric Thi\u00e9bault in Pargny-l\u00e8s-Reims\" \/>\n<meta property=\"og:description\" content=\"Our Ros\u00e9 Champagne is delicious and fruity. Its fine bubbles, its aromas and its freshness on tasting make it a harmonious champagne.\" \/>\n<meta property=\"og:url\" content=\"https:\/\/www.champagnethiebaultfrederic.fr\/store\/en\/champagnes\/champagne-rose\/\" \/>\n<meta property=\"og:site_name\" content=\"Champagne Fr\u00e9d\u00e9ric Thi\u00e9bault En\" \/>\n<meta property=\"article:publisher\" content=\"https:\/\/www.facebook.com\/champagne.thiebault\" \/>\n<meta property=\"article:modified_time\" content=\"2023-08-29T11:43:26+00:00\" \/>\n<meta property=\"og:image\" content=\"https:\/\/www.champagnethiebaultfrederic.fr\/store\/en\/wp-content\/uploads\/sites\/2\/2021\/07\/brutrose-1.png\" \/>\n\t<meta property=\"og:image:width\" content=\"310\" \/>\n\t<meta property=\"og:image:height\" content=\"860\" \/>\n\t<meta property=\"og:image:type\" content=\"image\/png\" \/>\n<meta name=\"twitter:card\" content=\"summary_large_image\" \/>\n<meta name=\"twitter:label1\" content=\"Estimated reading time\" \/>\n\t<meta name=\"twitter:data1\" content=\"1 minute\" \/>\n<script type=\"application\/ld+json\" class=\"yoast-schema-graph\">{\"@context\":\"https:\/\/schema.org\",\"@graph\":[{\"@type\":\"WebPage\",\"@id\":\"https:\/\/www.champagnethiebaultfrederic.fr\/store\/en\/champagnes\/champagne-rose\/\",\"url\":\"https:\/\/www.champagnethiebaultfrederic.fr\/store\/en\/champagnes\/champagne-rose\/\",\"name\":\"Champagne Ros\u00e9 - Champagne Fr\u00e9d\u00e9ric Thi\u00e9bault in Pargny-l\u00e8s-Reims\",\"isPartOf\":{\"@id\":\"https:\/\/www.champagnethiebaultfrederic.fr\/store\/en\/#website\"},\"primaryImageOfPage\":{\"@id\":\"https:\/\/www.champagnethiebaultfrederic.fr\/store\/en\/champagnes\/champagne-rose\/#primaryimage\"},\"image\":{\"@id\":\"https:\/\/www.champagnethiebaultfrederic.fr\/store\/en\/champagnes\/champagne-rose\/#primaryimage\"},\"thumbnailUrl\":\"https:\/\/www.champagnethiebaultfrederic.fr\/store\/en\/wp-content\/uploads\/sites\/2\/2021\/07\/brutrose-1.png\",\"datePublished\":\"2021-07-26T17:14:30+00:00\",\"dateModified\":\"2023-08-29T11:43:26+00:00\",\"description\":\"Our Ros\u00e9 Champagne is delicious and fruity. Its fine bubbles, its aromas and its freshness on tasting make it a harmonious champagne.\",\"breadcrumb\":{\"@id\":\"https:\/\/www.champagnethiebaultfrederic.fr\/store\/en\/champagnes\/champagne-rose\/#breadcrumb\"},\"inLanguage\":\"en-GB\",\"potentialAction\":[{\"@type\":\"ReadAction\",\"target\":[\"https:\/\/www.champagnethiebaultfrederic.fr\/store\/en\/champagnes\/champagne-rose\/\"]}]},{\"@type\":\"ImageObject\",\"inLanguage\":\"en-GB\",\"@id\":\"https:\/\/www.champagnethiebaultfrederic.fr\/store\/en\/champagnes\/champagne-rose\/#primaryimage\",\"url\":\"https:\/\/www.champagnethiebaultfrederic.fr\/store\/en\/wp-content\/uploads\/sites\/2\/2021\/07\/brutrose-1.png\",\"contentUrl\":\"https:\/\/www.champagnethiebaultfrederic.fr\/store\/en\/wp-content\/uploads\/sites\/2\/2021\/07\/brutrose-1.png\",\"width\":310,\"height\":860,\"caption\":\"Bouteille Champagne Thi\u00e9bault Fr\u00e9d\u00e9ric Ros\u00e9\"},{\"@type\":\"BreadcrumbList\",\"@id\":\"https:\/\/www.champagnethiebaultfrederic.fr\/store\/en\/champagnes\/champagne-rose\/#breadcrumb\",\"itemListElement\":[{\"@type\":\"ListItem\",\"position\":1,\"name\":\"Accueil\",\"item\":\"https:\/\/www.champagnethiebaultfrederic.fr\/store\/en\/\"},{\"@type\":\"ListItem\",\"position\":2,\"name\":\"Products\",\"item\":\"https:\/\/www.champagnethiebaultfrederic.fr\/store\/en\/shop\/\"},{\"@type\":\"ListItem\",\"position\":3,\"name\":\"Champagne Ros\u00e9\"}]},{\"@type\":\"WebSite\",\"@id\":\"https:\/\/www.champagnethiebaultfrederic.fr\/store\/en\/#website\",\"url\":\"https:\/\/www.champagnethiebaultfrederic.fr\/store\/en\/\",\"name\":\"Champagne Fr\u00e9d\u00e9ric Thi\u00e9bault En\",\"description\":\"\",\"publisher\":{\"@id\":\"https:\/\/www.champagnethiebaultfrederic.fr\/store\/en\/#organization\"},\"potentialAction\":[{\"@type\":\"SearchAction\",\"target\":{\"@type\":\"EntryPoint\",\"urlTemplate\":\"https:\/\/www.champagnethiebaultfrederic.fr\/store\/en\/?s={search_term_string}\"},\"query-input\":\"required name=search_term_string\"}],\"inLanguage\":\"en-GB\"},{\"@type\":\"Organization\",\"@id\":\"https:\/\/www.champagnethiebaultfrederic.fr\/store\/en\/#organization\",\"name\":\"Champagne Fr\u00e9d\u00e9ric Thi\u00e9bault\",\"url\":\"https:\/\/www.champagnethiebaultfrederic.fr\/store\/en\/\",\"logo\":{\"@type\":\"ImageObject\",\"inLanguage\":\"en-GB\",\"@id\":\"https:\/\/www.champagnethiebaultfrederic.fr\/store\/en\/#\/schema\/logo\/image\/\",\"url\":\"https:\/\/www.champagnethiebaultfrederic.fr\/store\/en\/wp-content\/uploads\/sites\/2\/2021\/07\/logo-email.png\",\"contentUrl\":\"https:\/\/www.champagnethiebaultfrederic.fr\/store\/en\/wp-content\/uploads\/sites\/2\/2021\/07\/logo-email.png\",\"width\":155,\"height\":118,\"caption\":\"Champagne Fr\u00e9d\u00e9ric Thi\u00e9bault\"},\"image\":{\"@id\":\"https:\/\/www.champagnethiebaultfrederic.fr\/store\/en\/#\/schema\/logo\/image\/\"},\"sameAs\":[\"https:\/\/www.facebook.com\/champagne.thiebault\",\"https:\/\/www.instagram.com\/champagnefredericthiebault\/\"]}]}<\/script>\n<!-- \/ Yoast SEO plugin. -->","yoast_head_json":{"title":"Champagne Ros\u00e9 - Champagne Fr\u00e9d\u00e9ric Thi\u00e9bault in Pargny-l\u00e8s-Reims","description":"Our Ros\u00e9 Champagne is delicious and fruity. Its fine bubbles, its aromas and its freshness on tasting make it a harmonious champagne.","robots":{"index":"index","follow":"follow","max-snippet":"max-snippet:-1","max-image-preview":"max-image-preview:large","max-video-preview":"max-video-preview:-1"},"canonical":"https:\/\/www.champagnethiebaultfrederic.fr\/store\/en\/champagnes\/champagne-rose\/","og_locale":"en_GB","og_type":"article","og_title":"Champagne Ros\u00e9 - Champagne Fr\u00e9d\u00e9ric Thi\u00e9bault in Pargny-l\u00e8s-Reims","og_description":"Our Ros\u00e9 Champagne is delicious and fruity. Its fine bubbles, its aromas and its freshness on tasting make it a harmonious champagne.","og_url":"https:\/\/www.champagnethiebaultfrederic.fr\/store\/en\/champagnes\/champagne-rose\/","og_site_name":"Champagne Fr\u00e9d\u00e9ric Thi\u00e9bault En","article_publisher":"https:\/\/www.facebook.com\/champagne.thiebault","article_modified_time":"2023-08-29T11:43:26+00:00","og_image":[{"width":310,"height":860,"url":"https:\/\/www.champagnethiebaultfrederic.fr\/store\/en\/wp-content\/uploads\/sites\/2\/2021\/07\/brutrose-1.png","type":"image\/png"}],"twitter_card":"summary_large_image","twitter_misc":{"Estimated reading time":"1 minute"},"schema":{"@context":"https:\/\/schema.org","@graph":[{"@type":"WebPage","@id":"https:\/\/www.champagnethiebaultfrederic.fr\/store\/en\/champagnes\/champagne-rose\/","url":"https:\/\/www.champagnethiebaultfrederic.fr\/store\/en\/champagnes\/champagne-rose\/","name":"Champagne Ros\u00e9 - Champagne Fr\u00e9d\u00e9ric Thi\u00e9bault in Pargny-l\u00e8s-Reims","isPartOf":{"@id":"https:\/\/www.champagnethiebaultfrederic.fr\/store\/en\/#website"},"primaryImageOfPage":{"@id":"https:\/\/www.champagnethiebaultfrederic.fr\/store\/en\/champagnes\/champagne-rose\/#primaryimage"},"image":{"@id":"https:\/\/www.champagnethiebaultfrederic.fr\/store\/en\/champagnes\/champagne-rose\/#primaryimage"},"thumbnailUrl":"https:\/\/www.champagnethiebaultfrederic.fr\/store\/en\/wp-content\/uploads\/sites\/2\/2021\/07\/brutrose-1.png","datePublished":"2021-07-26T17:14:30+00:00","dateModified":"2023-08-29T11:43:26+00:00","description":"Our Ros\u00e9 Champagne is delicious and fruity. Its fine bubbles, its aromas and its freshness on tasting make it a harmonious champagne.","breadcrumb":{"@id":"https:\/\/www.champagnethiebaultfrederic.fr\/store\/en\/champagnes\/champagne-rose\/#breadcrumb"},"inLanguage":"en-GB","potentialAction":[{"@type":"ReadAction","target":["https:\/\/www.champagnethiebaultfrederic.fr\/store\/en\/champagnes\/champagne-rose\/"]}]},{"@type":"ImageObject","inLanguage":"en-GB","@id":"https:\/\/www.champagnethiebaultfrederic.fr\/store\/en\/champagnes\/champagne-rose\/#primaryimage","url":"https:\/\/www.champagnethiebaultfrederic.fr\/store\/en\/wp-content\/uploads\/sites\/2\/2021\/07\/brutrose-1.png","contentUrl":"https:\/\/www.champagnethiebaultfrederic.fr\/store\/en\/wp-content\/uploads\/sites\/2\/2021\/07\/brutrose-1.png","width":310,"height":860,"caption":"Bouteille Champagne Thi\u00e9bault Fr\u00e9d\u00e9ric Ros\u00e9"},{"@type":"BreadcrumbList","@id":"https:\/\/www.champagnethiebaultfrederic.fr\/store\/en\/champagnes\/champagne-rose\/#breadcrumb","itemListElement":[{"@type":"ListItem","position":1,"name":"Accueil","item":"https:\/\/www.champagnethiebaultfrederic.fr\/store\/en\/"},{"@type":"ListItem","position":2,"name":"Products","item":"https:\/\/www.champagnethiebaultfrederic.fr\/store\/en\/shop\/"},{"@type":"ListItem","position":3,"name":"Champagne Ros\u00e9"}]},{"@type":"WebSite","@id":"https:\/\/www.champagnethiebaultfrederic.fr\/store\/en\/#website","url":"https:\/\/www.champagnethiebaultfrederic.fr\/store\/en\/","name":"Champagne Fr\u00e9d\u00e9ric Thi\u00e9bault En","description":"","publisher":{"@id":"https:\/\/www.champagnethiebaultfrederic.fr\/store\/en\/#organization"},"potentialAction":[{"@type":"SearchAction","target":{"@type":"EntryPoint","urlTemplate":"https:\/\/www.champagnethiebaultfrederic.fr\/store\/en\/?s={search_term_string}"},"query-input":"required name=search_term_string"}],"inLanguage":"en-GB"},{"@type":"Organization","@id":"https:\/\/www.champagnethiebaultfrederic.fr\/store\/en\/#organization","name":"Champagne Fr\u00e9d\u00e9ric Thi\u00e9bault","url":"https:\/\/www.champagnethiebaultfrederic.fr\/store\/en\/","logo":{"@type":"ImageObject","inLanguage":"en-GB","@id":"https:\/\/www.champagnethiebaultfrederic.fr\/store\/en\/#\/schema\/logo\/image\/","url":"https:\/\/www.champagnethiebaultfrederic.fr\/store\/en\/wp-content\/uploads\/sites\/2\/2021\/07\/logo-email.png","contentUrl":"https:\/\/www.champagnethiebaultfrederic.fr\/store\/en\/wp-content\/uploads\/sites\/2\/2021\/07\/logo-email.png","width":155,"height":118,"caption":"Champagne Fr\u00e9d\u00e9ric Thi\u00e9bault"},"image":{"@id":"https:\/\/www.champagnethiebaultfrederic.fr\/store\/en\/#\/schema\/logo\/image\/"},"sameAs":["https:\/\/www.facebook.com\/champagne.thiebault","https:\/\/www.instagram.com\/champagnefredericthiebault\/"]}]}},"_links":{"self":[{"href":"https:\/\/www.champagnethiebaultfrederic.fr\/store\/en\/wp-json\/wp\/v2\/product\/41"}],"collection":[{"href":"https:\/\/www.champagnethiebaultfrederic.fr\/store\/en\/wp-json\/wp\/v2\/product"}],"about":[{"href":"https:\/\/www.champagnethiebaultfrederic.fr\/store\/en\/wp-json\/wp\/v2\/types\/product"}],"wp:featuredmedia":[{"embeddable":true,"href":"https:\/\/www.champagnethiebaultfrederic.fr\/store\/en\/wp-json\/wp\/v2\/media\/62"}],"wp:attachment":[{"href":"https:\/\/www.champagnethiebaultfrederic.fr\/store\/en\/wp-json\/wp\/v2\/media?parent=41"}],"wp:term":[{"taxonomy":"product_cat","embeddable":true,"href":"https:\/\/www.champagnethiebaultfrederic.fr\/store\/en\/wp-json\/wp\/v2\/product_cat?post=41"},{"taxonomy":"product_tag","embeddable":true,"href":"https:\/\/www.champagnethiebaultfrederic.fr\/store\/en\/wp-json\/wp\/v2\/product_tag?post=41"}],"curies":[{"name":"wp","href":"https:\/\/api.w.org\/{rel}","templated":true}]}}