{"id":46,"date":"2021-07-26T19:27:03","date_gmt":"2021-07-26T17:27:03","guid":{"rendered":"http:\/\/www.champagnethiebaultfrederic.fr\/store\/en\/?post_type=product&#038;p=46"},"modified":"2023-08-29T13:44:35","modified_gmt":"2023-08-29T11:44:35","slug":"champagne-maineblanche","status":"publish","type":"product","link":"https:\/\/www.champagnethiebaultfrederic.fr\/store\/en\/champagnes\/champagne-maineblanche\/","title":{"rendered":"Champagne La Maine Blanche"},"content":{"rendered":"<p>Our champagne Blanc de Blancs was named after one of our vineyards in Pargny-l\u00e8s-Reims. It is produced with 100% Chardonnay harvested when fully ripe, before being vinified in oak barrels. We made the choice to reduce the dosage so that the Chardonnay can be expressed fully.<\/p>\n","protected":false},"excerpt":{"rendered":"<p>Our Blanc de Blancs cuv\u00e9e, 100% Chardonnay, is produced with the harvest of one year only and aged in oak barrels, then matured in our cellars for 7 years. So full of promises&#8230;<\/p>\n","protected":false},"featured_media":86,"template":"","meta":[],"product_cat":[18],"product_tag":[],"yoast_head":"<!-- This site is optimized with the Yoast SEO plugin v22.5 - https:\/\/yoast.com\/wordpress\/plugins\/seo\/ -->\n<title>La Maine Blanche - Champagne Fr\u00e9d\u00e9ric Thi\u00e9bault in Pargny-l\u00e8s-Reims<\/title>\n<meta name=\"description\" content=\"Champagne Blanc de blancs (100% Chardonnay) from the harvest of a single year, aged in oak barrels and aged for 7 years in the cellar.\" \/>\n<meta name=\"robots\" content=\"index, follow, max-snippet:-1, max-image-preview:large, max-video-preview:-1\" \/>\n<link rel=\"canonical\" href=\"https:\/\/www.champagnethiebaultfrederic.fr\/store\/en\/champagnes\/champagne-maineblanche\/\" \/>\n<meta property=\"og:locale\" content=\"en_GB\" \/>\n<meta property=\"og:type\" content=\"article\" \/>\n<meta property=\"og:title\" content=\"La Maine Blanche - Champagne Fr\u00e9d\u00e9ric Thi\u00e9bault in Pargny-l\u00e8s-Reims\" \/>\n<meta property=\"og:description\" content=\"Champagne Blanc de blancs (100% Chardonnay) from the harvest of a single year, aged in oak barrels and aged for 7 years in the cellar.\" \/>\n<meta property=\"og:url\" content=\"https:\/\/www.champagnethiebaultfrederic.fr\/store\/en\/champagnes\/champagne-maineblanche\/\" \/>\n<meta property=\"og:site_name\" content=\"Champagne Fr\u00e9d\u00e9ric Thi\u00e9bault En\" \/>\n<meta property=\"article:publisher\" content=\"https:\/\/www.facebook.com\/champagne.thiebault\" \/>\n<meta property=\"article:modified_time\" content=\"2023-08-29T11:44:35+00:00\" \/>\n<meta property=\"og:image\" content=\"https:\/\/www.champagnethiebaultfrederic.fr\/store\/en\/wp-content\/uploads\/sites\/2\/2021\/07\/maineblanche.png\" \/>\n\t<meta property=\"og:image:width\" content=\"310\" \/>\n\t<meta property=\"og:image:height\" content=\"860\" \/>\n\t<meta property=\"og:image:type\" content=\"image\/png\" \/>\n<meta name=\"twitter:card\" content=\"summary_large_image\" \/>\n<meta name=\"twitter:label1\" content=\"Estimated reading time\" \/>\n\t<meta name=\"twitter:data1\" content=\"1 minute\" \/>\n<script type=\"application\/ld+json\" class=\"yoast-schema-graph\">{\"@context\":\"https:\/\/schema.org\",\"@graph\":[{\"@type\":\"WebPage\",\"@id\":\"https:\/\/www.champagnethiebaultfrederic.fr\/store\/en\/champagnes\/champagne-maineblanche\/\",\"url\":\"https:\/\/www.champagnethiebaultfrederic.fr\/store\/en\/champagnes\/champagne-maineblanche\/\",\"name\":\"La Maine Blanche - Champagne Fr\u00e9d\u00e9ric Thi\u00e9bault in Pargny-l\u00e8s-Reims\",\"isPartOf\":{\"@id\":\"https:\/\/www.champagnethiebaultfrederic.fr\/store\/en\/#website\"},\"primaryImageOfPage\":{\"@id\":\"https:\/\/www.champagnethiebaultfrederic.fr\/store\/en\/champagnes\/champagne-maineblanche\/#primaryimage\"},\"image\":{\"@id\":\"https:\/\/www.champagnethiebaultfrederic.fr\/store\/en\/champagnes\/champagne-maineblanche\/#primaryimage\"},\"thumbnailUrl\":\"https:\/\/www.champagnethiebaultfrederic.fr\/store\/en\/wp-content\/uploads\/sites\/2\/2021\/07\/maineblanche.png\",\"datePublished\":\"2021-07-26T17:27:03+00:00\",\"dateModified\":\"2023-08-29T11:44:35+00:00\",\"description\":\"Champagne Blanc de blancs (100% Chardonnay) from the harvest of a single year, aged in oak barrels and aged for 7 years in the cellar.\",\"breadcrumb\":{\"@id\":\"https:\/\/www.champagnethiebaultfrederic.fr\/store\/en\/champagnes\/champagne-maineblanche\/#breadcrumb\"},\"inLanguage\":\"en-GB\",\"potentialAction\":[{\"@type\":\"ReadAction\",\"target\":[\"https:\/\/www.champagnethiebaultfrederic.fr\/store\/en\/champagnes\/champagne-maineblanche\/\"]}]},{\"@type\":\"ImageObject\",\"inLanguage\":\"en-GB\",\"@id\":\"https:\/\/www.champagnethiebaultfrederic.fr\/store\/en\/champagnes\/champagne-maineblanche\/#primaryimage\",\"url\":\"https:\/\/www.champagnethiebaultfrederic.fr\/store\/en\/wp-content\/uploads\/sites\/2\/2021\/07\/maineblanche.png\",\"contentUrl\":\"https:\/\/www.champagnethiebaultfrederic.fr\/store\/en\/wp-content\/uploads\/sites\/2\/2021\/07\/maineblanche.png\",\"width\":310,\"height\":860,\"caption\":\"Bouteille Champagne Thi\u00e9bault Fr\u00e9d\u00e9ric La Maine Blanche\"},{\"@type\":\"BreadcrumbList\",\"@id\":\"https:\/\/www.champagnethiebaultfrederic.fr\/store\/en\/champagnes\/champagne-maineblanche\/#breadcrumb\",\"itemListElement\":[{\"@type\":\"ListItem\",\"position\":1,\"name\":\"Accueil\",\"item\":\"https:\/\/www.champagnethiebaultfrederic.fr\/store\/en\/\"},{\"@type\":\"ListItem\",\"position\":2,\"name\":\"Products\",\"item\":\"https:\/\/www.champagnethiebaultfrederic.fr\/store\/en\/shop\/\"},{\"@type\":\"ListItem\",\"position\":3,\"name\":\"Champagne La Maine Blanche\"}]},{\"@type\":\"WebSite\",\"@id\":\"https:\/\/www.champagnethiebaultfrederic.fr\/store\/en\/#website\",\"url\":\"https:\/\/www.champagnethiebaultfrederic.fr\/store\/en\/\",\"name\":\"Champagne Fr\u00e9d\u00e9ric Thi\u00e9bault En\",\"description\":\"\",\"publisher\":{\"@id\":\"https:\/\/www.champagnethiebaultfrederic.fr\/store\/en\/#organization\"},\"potentialAction\":[{\"@type\":\"SearchAction\",\"target\":{\"@type\":\"EntryPoint\",\"urlTemplate\":\"https:\/\/www.champagnethiebaultfrederic.fr\/store\/en\/?s={search_term_string}\"},\"query-input\":\"required name=search_term_string\"}],\"inLanguage\":\"en-GB\"},{\"@type\":\"Organization\",\"@id\":\"https:\/\/www.champagnethiebaultfrederic.fr\/store\/en\/#organization\",\"name\":\"Champagne Fr\u00e9d\u00e9ric Thi\u00e9bault\",\"url\":\"https:\/\/www.champagnethiebaultfrederic.fr\/store\/en\/\",\"logo\":{\"@type\":\"ImageObject\",\"inLanguage\":\"en-GB\",\"@id\":\"https:\/\/www.champagnethiebaultfrederic.fr\/store\/en\/#\/schema\/logo\/image\/\",\"url\":\"https:\/\/www.champagnethiebaultfrederic.fr\/store\/en\/wp-content\/uploads\/sites\/2\/2021\/07\/logo-email.png\",\"contentUrl\":\"https:\/\/www.champagnethiebaultfrederic.fr\/store\/en\/wp-content\/uploads\/sites\/2\/2021\/07\/logo-email.png\",\"width\":155,\"height\":118,\"caption\":\"Champagne Fr\u00e9d\u00e9ric Thi\u00e9bault\"},\"image\":{\"@id\":\"https:\/\/www.champagnethiebaultfrederic.fr\/store\/en\/#\/schema\/logo\/image\/\"},\"sameAs\":[\"https:\/\/www.facebook.com\/champagne.thiebault\",\"https:\/\/www.instagram.com\/champagnefredericthiebault\/\"]}]}<\/script>\n<!-- \/ Yoast SEO plugin. -->","yoast_head_json":{"title":"La Maine Blanche - Champagne Fr\u00e9d\u00e9ric Thi\u00e9bault in Pargny-l\u00e8s-Reims","description":"Champagne Blanc de blancs (100% Chardonnay) from the harvest of a single year, aged in oak barrels and aged for 7 years in the cellar.","robots":{"index":"index","follow":"follow","max-snippet":"max-snippet:-1","max-image-preview":"max-image-preview:large","max-video-preview":"max-video-preview:-1"},"canonical":"https:\/\/www.champagnethiebaultfrederic.fr\/store\/en\/champagnes\/champagne-maineblanche\/","og_locale":"en_GB","og_type":"article","og_title":"La Maine Blanche - Champagne Fr\u00e9d\u00e9ric Thi\u00e9bault in Pargny-l\u00e8s-Reims","og_description":"Champagne Blanc de blancs (100% Chardonnay) from the harvest of a single year, aged in oak barrels and aged for 7 years in the cellar.","og_url":"https:\/\/www.champagnethiebaultfrederic.fr\/store\/en\/champagnes\/champagne-maineblanche\/","og_site_name":"Champagne Fr\u00e9d\u00e9ric Thi\u00e9bault En","article_publisher":"https:\/\/www.facebook.com\/champagne.thiebault","article_modified_time":"2023-08-29T11:44:35+00:00","og_image":[{"width":310,"height":860,"url":"https:\/\/www.champagnethiebaultfrederic.fr\/store\/en\/wp-content\/uploads\/sites\/2\/2021\/07\/maineblanche.png","type":"image\/png"}],"twitter_card":"summary_large_image","twitter_misc":{"Estimated reading time":"1 minute"},"schema":{"@context":"https:\/\/schema.org","@graph":[{"@type":"WebPage","@id":"https:\/\/www.champagnethiebaultfrederic.fr\/store\/en\/champagnes\/champagne-maineblanche\/","url":"https:\/\/www.champagnethiebaultfrederic.fr\/store\/en\/champagnes\/champagne-maineblanche\/","name":"La Maine Blanche - Champagne Fr\u00e9d\u00e9ric Thi\u00e9bault in Pargny-l\u00e8s-Reims","isPartOf":{"@id":"https:\/\/www.champagnethiebaultfrederic.fr\/store\/en\/#website"},"primaryImageOfPage":{"@id":"https:\/\/www.champagnethiebaultfrederic.fr\/store\/en\/champagnes\/champagne-maineblanche\/#primaryimage"},"image":{"@id":"https:\/\/www.champagnethiebaultfrederic.fr\/store\/en\/champagnes\/champagne-maineblanche\/#primaryimage"},"thumbnailUrl":"https:\/\/www.champagnethiebaultfrederic.fr\/store\/en\/wp-content\/uploads\/sites\/2\/2021\/07\/maineblanche.png","datePublished":"2021-07-26T17:27:03+00:00","dateModified":"2023-08-29T11:44:35+00:00","description":"Champagne Blanc de blancs (100% Chardonnay) from the harvest of a single year, aged in oak barrels and aged for 7 years in the cellar.","breadcrumb":{"@id":"https:\/\/www.champagnethiebaultfrederic.fr\/store\/en\/champagnes\/champagne-maineblanche\/#breadcrumb"},"inLanguage":"en-GB","potentialAction":[{"@type":"ReadAction","target":["https:\/\/www.champagnethiebaultfrederic.fr\/store\/en\/champagnes\/champagne-maineblanche\/"]}]},{"@type":"ImageObject","inLanguage":"en-GB","@id":"https:\/\/www.champagnethiebaultfrederic.fr\/store\/en\/champagnes\/champagne-maineblanche\/#primaryimage","url":"https:\/\/www.champagnethiebaultfrederic.fr\/store\/en\/wp-content\/uploads\/sites\/2\/2021\/07\/maineblanche.png","contentUrl":"https:\/\/www.champagnethiebaultfrederic.fr\/store\/en\/wp-content\/uploads\/sites\/2\/2021\/07\/maineblanche.png","width":310,"height":860,"caption":"Bouteille Champagne Thi\u00e9bault Fr\u00e9d\u00e9ric La Maine Blanche"},{"@type":"BreadcrumbList","@id":"https:\/\/www.champagnethiebaultfrederic.fr\/store\/en\/champagnes\/champagne-maineblanche\/#breadcrumb","itemListElement":[{"@type":"ListItem","position":1,"name":"Accueil","item":"https:\/\/www.champagnethiebaultfrederic.fr\/store\/en\/"},{"@type":"ListItem","position":2,"name":"Products","item":"https:\/\/www.champagnethiebaultfrederic.fr\/store\/en\/shop\/"},{"@type":"ListItem","position":3,"name":"Champagne La Maine Blanche"}]},{"@type":"WebSite","@id":"https:\/\/www.champagnethiebaultfrederic.fr\/store\/en\/#website","url":"https:\/\/www.champagnethiebaultfrederic.fr\/store\/en\/","name":"Champagne Fr\u00e9d\u00e9ric Thi\u00e9bault En","description":"","publisher":{"@id":"https:\/\/www.champagnethiebaultfrederic.fr\/store\/en\/#organization"},"potentialAction":[{"@type":"SearchAction","target":{"@type":"EntryPoint","urlTemplate":"https:\/\/www.champagnethiebaultfrederic.fr\/store\/en\/?s={search_term_string}"},"query-input":"required name=search_term_string"}],"inLanguage":"en-GB"},{"@type":"Organization","@id":"https:\/\/www.champagnethiebaultfrederic.fr\/store\/en\/#organization","name":"Champagne Fr\u00e9d\u00e9ric Thi\u00e9bault","url":"https:\/\/www.champagnethiebaultfrederic.fr\/store\/en\/","logo":{"@type":"ImageObject","inLanguage":"en-GB","@id":"https:\/\/www.champagnethiebaultfrederic.fr\/store\/en\/#\/schema\/logo\/image\/","url":"https:\/\/www.champagnethiebaultfrederic.fr\/store\/en\/wp-content\/uploads\/sites\/2\/2021\/07\/logo-email.png","contentUrl":"https:\/\/www.champagnethiebaultfrederic.fr\/store\/en\/wp-content\/uploads\/sites\/2\/2021\/07\/logo-email.png","width":155,"height":118,"caption":"Champagne Fr\u00e9d\u00e9ric Thi\u00e9bault"},"image":{"@id":"https:\/\/www.champagnethiebaultfrederic.fr\/store\/en\/#\/schema\/logo\/image\/"},"sameAs":["https:\/\/www.facebook.com\/champagne.thiebault","https:\/\/www.instagram.com\/champagnefredericthiebault\/"]}]}},"_links":{"self":[{"href":"https:\/\/www.champagnethiebaultfrederic.fr\/store\/en\/wp-json\/wp\/v2\/product\/46"}],"collection":[{"href":"https:\/\/www.champagnethiebaultfrederic.fr\/store\/en\/wp-json\/wp\/v2\/product"}],"about":[{"href":"https:\/\/www.champagnethiebaultfrederic.fr\/store\/en\/wp-json\/wp\/v2\/types\/product"}],"wp:featuredmedia":[{"embeddable":true,"href":"https:\/\/www.champagnethiebaultfrederic.fr\/store\/en\/wp-json\/wp\/v2\/media\/86"}],"wp:attachment":[{"href":"https:\/\/www.champagnethiebaultfrederic.fr\/store\/en\/wp-json\/wp\/v2\/media?parent=46"}],"wp:term":[{"taxonomy":"product_cat","embeddable":true,"href":"https:\/\/www.champagnethiebaultfrederic.fr\/store\/en\/wp-json\/wp\/v2\/product_cat?post=46"},{"taxonomy":"product_tag","embeddable":true,"href":"https:\/\/www.champagnethiebaultfrederic.fr\/store\/en\/wp-json\/wp\/v2\/product_tag?post=46"}],"curies":[{"name":"wp","href":"https:\/\/api.w.org\/{rel}","templated":true}]}}