{"id":11,"date":"2021-04-21T10:52:38","date_gmt":"2021-04-21T08:52:38","guid":{"rendered":"http:\/\/www.champagnethiebaultfrederic.fr\/store\/?post_type=product&#038;p=11"},"modified":"2025-07-29T11:54:11","modified_gmt":"2025-07-29T09:54:11","slug":"champagne-brut","status":"publish","type":"product","link":"https:\/\/www.champagnethiebaultfrederic.fr\/store\/champagnes\/champagne-brut\/","title":{"rendered":"Champagne Brut"},"content":{"rendered":"<p>Notre Champagne Brut est un assemblage des trois c\u00e9pages champenois avec une majorit\u00e9 de Pinot Meunier. Vieilli en cave pendant 3 ans, il est franc et l\u00e9ger. Ses fines bulles joyeuses feront de cette cuv\u00e9e le partenaire incontournable de vos ap\u00e9ritifs.<\/p>\n","protected":false},"excerpt":{"rendered":"<p>Un grand classique de notre Maison. \u00c0 l&#8217;\u00e9quilibre parfait entre vivacit\u00e9 et l\u00e9g\u00e8ret\u00e9, c&#8217;est une cuv\u00e9e id\u00e9ale pour \u00e9veiller vos papilles \u00e0 l&#8217;ap\u00e9ritif.<\/p>\n","protected":false},"featured_media":149,"template":"","meta":[],"product_cat":[19],"product_tag":[],"yoast_head":"<!-- This site is optimized with the Yoast SEO plugin v22.5 - https:\/\/yoast.com\/wordpress\/plugins\/seo\/ -->\n<title>Champagne Brut - Champagne Fr\u00e9d\u00e9ric Thi\u00e9bault \u00e0 Pargny l\u00e8s Reims<\/title>\n<meta name=\"description\" content=\"Parfait en toutes occasions, notre Champagne Brut est un assemblage des 3 c\u00e9pages champenois. Franc et l\u00e9ger, il est vieilli 3 ans en cave.\" \/>\n<meta name=\"robots\" content=\"index, follow, max-snippet:-1, max-image-preview:large, max-video-preview:-1\" \/>\n<link rel=\"canonical\" href=\"http:\/\/www.champagnethiebaultfrederic.fr\/store\/champagnes\/champagne-brut\/\" \/>\n<meta property=\"og:locale\" content=\"fr_FR\" \/>\n<meta property=\"og:type\" content=\"article\" \/>\n<meta property=\"og:title\" content=\"Champagne Brut - Champagne Fr\u00e9d\u00e9ric Thi\u00e9bault \u00e0 Pargny l\u00e8s Reims\" \/>\n<meta property=\"og:description\" content=\"Parfait en toutes occasions, notre Champagne Brut est un assemblage des 3 c\u00e9pages champenois. Franc et l\u00e9ger, il est vieilli 3 ans en cave.\" \/>\n<meta property=\"og:url\" content=\"http:\/\/www.champagnethiebaultfrederic.fr\/store\/champagnes\/champagne-brut\/\" \/>\n<meta property=\"og:site_name\" content=\"Champagne Fr\u00e9d\u00e9ric Thi\u00e9bault\" \/>\n<meta property=\"article:publisher\" content=\"https:\/\/www.facebook.com\/champagne.thiebault\" \/>\n<meta property=\"article:modified_time\" content=\"2025-07-29T09:54:11+00:00\" \/>\n<meta property=\"og:image\" content=\"http:\/\/www.champagnethiebaultfrederic.fr\/store\/wp-content\/uploads\/2021\/04\/brut-1.png\" \/>\n\t<meta property=\"og:image:width\" content=\"310\" \/>\n\t<meta property=\"og:image:height\" content=\"860\" \/>\n\t<meta property=\"og:image:type\" content=\"image\/png\" \/>\n<meta name=\"twitter:card\" content=\"summary_large_image\" \/>\n<meta name=\"twitter:label1\" content=\"Dur\u00e9e de lecture estim\u00e9e\" \/>\n\t<meta name=\"twitter:data1\" content=\"1 minute\" \/>\n<script type=\"application\/ld+json\" class=\"yoast-schema-graph\">{\"@context\":\"https:\/\/schema.org\",\"@graph\":[{\"@type\":\"WebPage\",\"@id\":\"http:\/\/www.champagnethiebaultfrederic.fr\/store\/champagnes\/champagne-brut\/\",\"url\":\"http:\/\/www.champagnethiebaultfrederic.fr\/store\/champagnes\/champagne-brut\/\",\"name\":\"Champagne Brut - Champagne Fr\u00e9d\u00e9ric Thi\u00e9bault \u00e0 Pargny l\u00e8s Reims\",\"isPartOf\":{\"@id\":\"https:\/\/www.champagnethiebaultfrederic.fr\/store\/#website\"},\"primaryImageOfPage\":{\"@id\":\"http:\/\/www.champagnethiebaultfrederic.fr\/store\/champagnes\/champagne-brut\/#primaryimage\"},\"image\":{\"@id\":\"http:\/\/www.champagnethiebaultfrederic.fr\/store\/champagnes\/champagne-brut\/#primaryimage\"},\"thumbnailUrl\":\"https:\/\/www.champagnethiebaultfrederic.fr\/store\/wp-content\/uploads\/2021\/04\/brut-1.png\",\"datePublished\":\"2021-04-21T08:52:38+00:00\",\"dateModified\":\"2025-07-29T09:54:11+00:00\",\"description\":\"Parfait en toutes occasions, notre Champagne Brut est un assemblage des 3 c\u00e9pages champenois. Franc et l\u00e9ger, il est vieilli 3 ans en cave.\",\"breadcrumb\":{\"@id\":\"http:\/\/www.champagnethiebaultfrederic.fr\/store\/champagnes\/champagne-brut\/#breadcrumb\"},\"inLanguage\":\"fr-FR\",\"potentialAction\":[{\"@type\":\"ReadAction\",\"target\":[\"http:\/\/www.champagnethiebaultfrederic.fr\/store\/champagnes\/champagne-brut\/\"]}]},{\"@type\":\"ImageObject\",\"inLanguage\":\"fr-FR\",\"@id\":\"http:\/\/www.champagnethiebaultfrederic.fr\/store\/champagnes\/champagne-brut\/#primaryimage\",\"url\":\"https:\/\/www.champagnethiebaultfrederic.fr\/store\/wp-content\/uploads\/2021\/04\/brut-1.png\",\"contentUrl\":\"https:\/\/www.champagnethiebaultfrederic.fr\/store\/wp-content\/uploads\/2021\/04\/brut-1.png\",\"width\":310,\"height\":860},{\"@type\":\"BreadcrumbList\",\"@id\":\"http:\/\/www.champagnethiebaultfrederic.fr\/store\/champagnes\/champagne-brut\/#breadcrumb\",\"itemListElement\":[{\"@type\":\"ListItem\",\"position\":1,\"name\":\"Accueil\",\"item\":\"https:\/\/www.champagnethiebaultfrederic.fr\/store\/\"},{\"@type\":\"ListItem\",\"position\":2,\"name\":\"Produits\",\"item\":\"https:\/\/www.champagnethiebaultfrederic.fr\/store\/shop\/\"},{\"@type\":\"ListItem\",\"position\":3,\"name\":\"Champagne Brut\"}]},{\"@type\":\"WebSite\",\"@id\":\"https:\/\/www.champagnethiebaultfrederic.fr\/store\/#website\",\"url\":\"https:\/\/www.champagnethiebaultfrederic.fr\/store\/\",\"name\":\"Champagne Fr\u00e9d\u00e9ric Thi\u00e9bault\",\"description\":\"\",\"publisher\":{\"@id\":\"https:\/\/www.champagnethiebaultfrederic.fr\/store\/#organization\"},\"potentialAction\":[{\"@type\":\"SearchAction\",\"target\":{\"@type\":\"EntryPoint\",\"urlTemplate\":\"https:\/\/www.champagnethiebaultfrederic.fr\/store\/?s={search_term_string}\"},\"query-input\":\"required name=search_term_string\"}],\"inLanguage\":\"fr-FR\"},{\"@type\":\"Organization\",\"@id\":\"https:\/\/www.champagnethiebaultfrederic.fr\/store\/#organization\",\"name\":\"Champagne Fr\u00e9d\u00e9ric Thi\u00e9bault\",\"url\":\"https:\/\/www.champagnethiebaultfrederic.fr\/store\/\",\"logo\":{\"@type\":\"ImageObject\",\"inLanguage\":\"fr-FR\",\"@id\":\"https:\/\/www.champagnethiebaultfrederic.fr\/store\/#\/schema\/logo\/image\/\",\"url\":\"https:\/\/www.champagnethiebaultfrederic.fr\/store\/wp-content\/uploads\/2021\/05\/logo-email.png\",\"contentUrl\":\"https:\/\/www.champagnethiebaultfrederic.fr\/store\/wp-content\/uploads\/2021\/05\/logo-email.png\",\"width\":155,\"height\":118,\"caption\":\"Champagne Fr\u00e9d\u00e9ric Thi\u00e9bault\"},\"image\":{\"@id\":\"https:\/\/www.champagnethiebaultfrederic.fr\/store\/#\/schema\/logo\/image\/\"},\"sameAs\":[\"https:\/\/www.facebook.com\/champagne.thiebault\",\"https:\/\/www.instagram.com\/champagnefredericthiebault\/\"]}]}<\/script>\n<!-- \/ Yoast SEO plugin. -->","yoast_head_json":{"title":"Champagne Brut - Champagne Fr\u00e9d\u00e9ric Thi\u00e9bault \u00e0 Pargny l\u00e8s Reims","description":"Parfait en toutes occasions, notre Champagne Brut est un assemblage des 3 c\u00e9pages champenois. Franc et l\u00e9ger, il est vieilli 3 ans en cave.","robots":{"index":"index","follow":"follow","max-snippet":"max-snippet:-1","max-image-preview":"max-image-preview:large","max-video-preview":"max-video-preview:-1"},"canonical":"http:\/\/www.champagnethiebaultfrederic.fr\/store\/champagnes\/champagne-brut\/","og_locale":"fr_FR","og_type":"article","og_title":"Champagne Brut - Champagne Fr\u00e9d\u00e9ric Thi\u00e9bault \u00e0 Pargny l\u00e8s Reims","og_description":"Parfait en toutes occasions, notre Champagne Brut est un assemblage des 3 c\u00e9pages champenois. Franc et l\u00e9ger, il est vieilli 3 ans en cave.","og_url":"http:\/\/www.champagnethiebaultfrederic.fr\/store\/champagnes\/champagne-brut\/","og_site_name":"Champagne Fr\u00e9d\u00e9ric Thi\u00e9bault","article_publisher":"https:\/\/www.facebook.com\/champagne.thiebault","article_modified_time":"2025-07-29T09:54:11+00:00","og_image":[{"width":310,"height":860,"url":"http:\/\/www.champagnethiebaultfrederic.fr\/store\/wp-content\/uploads\/2021\/04\/brut-1.png","type":"image\/png"}],"twitter_card":"summary_large_image","twitter_misc":{"Dur\u00e9e de lecture estim\u00e9e":"1 minute"},"schema":{"@context":"https:\/\/schema.org","@graph":[{"@type":"WebPage","@id":"http:\/\/www.champagnethiebaultfrederic.fr\/store\/champagnes\/champagne-brut\/","url":"http:\/\/www.champagnethiebaultfrederic.fr\/store\/champagnes\/champagne-brut\/","name":"Champagne Brut - Champagne Fr\u00e9d\u00e9ric Thi\u00e9bault \u00e0 Pargny l\u00e8s Reims","isPartOf":{"@id":"https:\/\/www.champagnethiebaultfrederic.fr\/store\/#website"},"primaryImageOfPage":{"@id":"http:\/\/www.champagnethiebaultfrederic.fr\/store\/champagnes\/champagne-brut\/#primaryimage"},"image":{"@id":"http:\/\/www.champagnethiebaultfrederic.fr\/store\/champagnes\/champagne-brut\/#primaryimage"},"thumbnailUrl":"https:\/\/www.champagnethiebaultfrederic.fr\/store\/wp-content\/uploads\/2021\/04\/brut-1.png","datePublished":"2021-04-21T08:52:38+00:00","dateModified":"2025-07-29T09:54:11+00:00","description":"Parfait en toutes occasions, notre Champagne Brut est un assemblage des 3 c\u00e9pages champenois. Franc et l\u00e9ger, il est vieilli 3 ans en cave.","breadcrumb":{"@id":"http:\/\/www.champagnethiebaultfrederic.fr\/store\/champagnes\/champagne-brut\/#breadcrumb"},"inLanguage":"fr-FR","potentialAction":[{"@type":"ReadAction","target":["http:\/\/www.champagnethiebaultfrederic.fr\/store\/champagnes\/champagne-brut\/"]}]},{"@type":"ImageObject","inLanguage":"fr-FR","@id":"http:\/\/www.champagnethiebaultfrederic.fr\/store\/champagnes\/champagne-brut\/#primaryimage","url":"https:\/\/www.champagnethiebaultfrederic.fr\/store\/wp-content\/uploads\/2021\/04\/brut-1.png","contentUrl":"https:\/\/www.champagnethiebaultfrederic.fr\/store\/wp-content\/uploads\/2021\/04\/brut-1.png","width":310,"height":860},{"@type":"BreadcrumbList","@id":"http:\/\/www.champagnethiebaultfrederic.fr\/store\/champagnes\/champagne-brut\/#breadcrumb","itemListElement":[{"@type":"ListItem","position":1,"name":"Accueil","item":"https:\/\/www.champagnethiebaultfrederic.fr\/store\/"},{"@type":"ListItem","position":2,"name":"Produits","item":"https:\/\/www.champagnethiebaultfrederic.fr\/store\/shop\/"},{"@type":"ListItem","position":3,"name":"Champagne Brut"}]},{"@type":"WebSite","@id":"https:\/\/www.champagnethiebaultfrederic.fr\/store\/#website","url":"https:\/\/www.champagnethiebaultfrederic.fr\/store\/","name":"Champagne Fr\u00e9d\u00e9ric Thi\u00e9bault","description":"","publisher":{"@id":"https:\/\/www.champagnethiebaultfrederic.fr\/store\/#organization"},"potentialAction":[{"@type":"SearchAction","target":{"@type":"EntryPoint","urlTemplate":"https:\/\/www.champagnethiebaultfrederic.fr\/store\/?s={search_term_string}"},"query-input":"required name=search_term_string"}],"inLanguage":"fr-FR"},{"@type":"Organization","@id":"https:\/\/www.champagnethiebaultfrederic.fr\/store\/#organization","name":"Champagne Fr\u00e9d\u00e9ric Thi\u00e9bault","url":"https:\/\/www.champagnethiebaultfrederic.fr\/store\/","logo":{"@type":"ImageObject","inLanguage":"fr-FR","@id":"https:\/\/www.champagnethiebaultfrederic.fr\/store\/#\/schema\/logo\/image\/","url":"https:\/\/www.champagnethiebaultfrederic.fr\/store\/wp-content\/uploads\/2021\/05\/logo-email.png","contentUrl":"https:\/\/www.champagnethiebaultfrederic.fr\/store\/wp-content\/uploads\/2021\/05\/logo-email.png","width":155,"height":118,"caption":"Champagne Fr\u00e9d\u00e9ric Thi\u00e9bault"},"image":{"@id":"https:\/\/www.champagnethiebaultfrederic.fr\/store\/#\/schema\/logo\/image\/"},"sameAs":["https:\/\/www.facebook.com\/champagne.thiebault","https:\/\/www.instagram.com\/champagnefredericthiebault\/"]}]}},"_links":{"self":[{"href":"https:\/\/www.champagnethiebaultfrederic.fr\/store\/wp-json\/wp\/v2\/product\/11"}],"collection":[{"href":"https:\/\/www.champagnethiebaultfrederic.fr\/store\/wp-json\/wp\/v2\/product"}],"about":[{"href":"https:\/\/www.champagnethiebaultfrederic.fr\/store\/wp-json\/wp\/v2\/types\/product"}],"wp:featuredmedia":[{"embeddable":true,"href":"https:\/\/www.champagnethiebaultfrederic.fr\/store\/wp-json\/wp\/v2\/media\/149"}],"wp:attachment":[{"href":"https:\/\/www.champagnethiebaultfrederic.fr\/store\/wp-json\/wp\/v2\/media?parent=11"}],"wp:term":[{"taxonomy":"product_cat","embeddable":true,"href":"https:\/\/www.champagnethiebaultfrederic.fr\/store\/wp-json\/wp\/v2\/product_cat?post=11"},{"taxonomy":"product_tag","embeddable":true,"href":"https:\/\/www.champagnethiebaultfrederic.fr\/store\/wp-json\/wp\/v2\/product_tag?post=11"}],"curies":[{"name":"wp","href":"https:\/\/api.w.org\/{rel}","templated":true}]}}