{"id":335,"date":"2025-09-30T10:59:28","date_gmt":"2025-09-30T08:59:28","guid":{"rendered":"https:\/\/www.champagnethiebaultfrederic.fr\/store\/?post_type=product&#038;p=335"},"modified":"2025-11-03T21:25:06","modified_gmt":"2025-11-03T20:25:06","slug":"champagne-lescrayeres","status":"publish","type":"product","link":"https:\/\/www.champagnethiebaultfrederic.fr\/store\/champagnes\/champagne-lescrayeres\/","title":{"rendered":"Champagne Les cray\u00e8res by Fabian"},"content":{"rendered":"<p>Fabian a r\u00e9uni toute son exp\u00e9rience, sa passion et son amour pour les raisins \u00e0 peau sombre et vous invite \u00e0 d\u00e9couvrir\u00a0 sa toute premi\u00e8re cuv\u00e9e, compos\u00e9e exclusivement de raisins noirs (un blanc de noirs), qui exprime \u00e9l\u00e9gance, vivacit\u00e9 et authenticit\u00e9. Issu uniquement de raisins noirs m\u00e9ticuleusement s\u00e9lectionn\u00e9s, ce blanc de noirs est vinifi\u00e9 sans mac\u00e9ration des peaux. Ce champagne est pour lui un lien entre le pass\u00e9 (traditions, savoir-faire) et l&#8217;avenir.<\/p>\n<p>Le sol dont proviennent ces raisins, riche, bien drain\u00e9, et chauff\u00e9 par le soleil, apporte caract\u00e8re et profondeur.<\/p>\n<p>Gr\u00e2ce \u00e0 son regard de jeune vigneron, la cuv\u00e9e gagne en fra\u00eecheur, en transparence. Vous retrouverez \u00e0 chaque gorg\u00e9e, cette intuition de fruit juste, cette puret\u00e9 aromatique que Fabian cherche \u00e0 pr\u00e9server: fruits frais (p\u00eache,abricot), nuances florales d\u00e9licates et une fine min\u00e9ralit\u00e9 qui signe le terroir et le nom de cette cuv\u00e9e : Les Cray\u00e8res By Fabian<\/p>\n","protected":false},"excerpt":{"rendered":"<p>Fruit de la passion et du savoir-faire de Fabian, cette premi\u00e8re cuv\u00e9e rend hommage aux raisins \u00e0 peau sombre qu&#8217;il affectionne tant.<\/p>\n<p>Ce blanc de noirs exprime toute la richesse du terroir : une belle vivacit\u00e9, une puret\u00e9 aromatique et une min\u00e9ralit\u00e9 subtile qui signent son caract\u00e8re.<\/p>\n<p>Un champagne sinc\u00e8re et \u00e9l\u00e9gant, reflet du lien entre tradition et avenir.<\/p>\n","protected":false},"featured_media":340,"template":"","meta":[],"product_cat":[19],"product_tag":[],"yoast_head":"<!-- This site is optimized with the Yoast SEO plugin v22.5 - https:\/\/yoast.com\/wordpress\/plugins\/seo\/ -->\n<title>La Maine Blanche - Champagne Fr\u00e9d\u00e9ric Thi\u00e9bault \u00e0 Pargny-l\u00e8s-Reims<\/title>\n<meta name=\"description\" content=\"Champagne Blanc de blancs (100% Chardonnay) issue de la vendange d&#039;une seule ann\u00e9e, \u00e9lev\u00e9e en f\u00fbts de ch\u00eane et vieillie 7 ans en cave.\" \/>\n<meta name=\"robots\" content=\"index, follow, max-snippet:-1, max-image-preview:large, max-video-preview:-1\" \/>\n<link rel=\"canonical\" href=\"https:\/\/www.champagnethiebaultfrederic.fr\/store\/champagnes\/champagne-lescrayeres\/\" \/>\n<meta property=\"og:locale\" content=\"fr_FR\" \/>\n<meta property=\"og:type\" content=\"article\" \/>\n<meta property=\"og:title\" content=\"La Maine Blanche - Champagne Fr\u00e9d\u00e9ric Thi\u00e9bault \u00e0 Pargny-l\u00e8s-Reims\" \/>\n<meta property=\"og:description\" content=\"Champagne Blanc de blancs (100% Chardonnay) issue de la vendange d&#039;une seule ann\u00e9e, \u00e9lev\u00e9e en f\u00fbts de ch\u00eane et vieillie 7 ans en cave.\" \/>\n<meta property=\"og:url\" content=\"https:\/\/www.champagnethiebaultfrederic.fr\/store\/champagnes\/champagne-lescrayeres\/\" \/>\n<meta property=\"og:site_name\" content=\"Champagne Fr\u00e9d\u00e9ric Thi\u00e9bault\" \/>\n<meta property=\"article:publisher\" content=\"https:\/\/www.facebook.com\/champagne.thiebault\" \/>\n<meta property=\"article:modified_time\" content=\"2025-11-03T20:25:06+00:00\" \/>\n<meta property=\"og:image\" content=\"https:\/\/www.champagnethiebaultfrederic.fr\/store\/wp-content\/uploads\/2025\/09\/lescrayeres.png\" \/>\n\t<meta property=\"og:image:width\" content=\"310\" \/>\n\t<meta property=\"og:image:height\" content=\"860\" \/>\n\t<meta property=\"og:image:type\" content=\"image\/png\" \/>\n<meta name=\"twitter:card\" content=\"summary_large_image\" \/>\n<meta name=\"twitter:label1\" content=\"Dur\u00e9e de lecture estim\u00e9e\" \/>\n\t<meta name=\"twitter:data1\" content=\"1 minute\" \/>\n<script type=\"application\/ld+json\" class=\"yoast-schema-graph\">{\"@context\":\"https:\/\/schema.org\",\"@graph\":[{\"@type\":\"WebPage\",\"@id\":\"https:\/\/www.champagnethiebaultfrederic.fr\/store\/champagnes\/champagne-lescrayeres\/\",\"url\":\"https:\/\/www.champagnethiebaultfrederic.fr\/store\/champagnes\/champagne-lescrayeres\/\",\"name\":\"La Maine Blanche - Champagne Fr\u00e9d\u00e9ric Thi\u00e9bault \u00e0 Pargny-l\u00e8s-Reims\",\"isPartOf\":{\"@id\":\"https:\/\/www.champagnethiebaultfrederic.fr\/store\/#website\"},\"primaryImageOfPage\":{\"@id\":\"https:\/\/www.champagnethiebaultfrederic.fr\/store\/champagnes\/champagne-lescrayeres\/#primaryimage\"},\"image\":{\"@id\":\"https:\/\/www.champagnethiebaultfrederic.fr\/store\/champagnes\/champagne-lescrayeres\/#primaryimage\"},\"thumbnailUrl\":\"https:\/\/www.champagnethiebaultfrederic.fr\/store\/wp-content\/uploads\/2025\/09\/lescrayeres.png\",\"datePublished\":\"2025-09-30T08:59:28+00:00\",\"dateModified\":\"2025-11-03T20:25:06+00:00\",\"description\":\"Champagne Blanc de blancs (100% Chardonnay) issue de la vendange d'une seule ann\u00e9e, \u00e9lev\u00e9e en f\u00fbts de ch\u00eane et vieillie 7 ans en cave.\",\"breadcrumb\":{\"@id\":\"https:\/\/www.champagnethiebaultfrederic.fr\/store\/champagnes\/champagne-lescrayeres\/#breadcrumb\"},\"inLanguage\":\"fr-FR\",\"potentialAction\":[{\"@type\":\"ReadAction\",\"target\":[\"https:\/\/www.champagnethiebaultfrederic.fr\/store\/champagnes\/champagne-lescrayeres\/\"]}]},{\"@type\":\"ImageObject\",\"inLanguage\":\"fr-FR\",\"@id\":\"https:\/\/www.champagnethiebaultfrederic.fr\/store\/champagnes\/champagne-lescrayeres\/#primaryimage\",\"url\":\"https:\/\/www.champagnethiebaultfrederic.fr\/store\/wp-content\/uploads\/2025\/09\/lescrayeres.png\",\"contentUrl\":\"https:\/\/www.champagnethiebaultfrederic.fr\/store\/wp-content\/uploads\/2025\/09\/lescrayeres.png\",\"width\":310,\"height\":860,\"caption\":\"Cuv\u00e9e Les cay\u00e8res by Fabian\"},{\"@type\":\"BreadcrumbList\",\"@id\":\"https:\/\/www.champagnethiebaultfrederic.fr\/store\/champagnes\/champagne-lescrayeres\/#breadcrumb\",\"itemListElement\":[{\"@type\":\"ListItem\",\"position\":1,\"name\":\"Accueil\",\"item\":\"https:\/\/www.champagnethiebaultfrederic.fr\/store\/\"},{\"@type\":\"ListItem\",\"position\":2,\"name\":\"Produits\",\"item\":\"https:\/\/www.champagnethiebaultfrederic.fr\/store\/shop\/\"},{\"@type\":\"ListItem\",\"position\":3,\"name\":\"Champagne Les cray\u00e8res by Fabian\"}]},{\"@type\":\"WebSite\",\"@id\":\"https:\/\/www.champagnethiebaultfrederic.fr\/store\/#website\",\"url\":\"https:\/\/www.champagnethiebaultfrederic.fr\/store\/\",\"name\":\"Champagne Fr\u00e9d\u00e9ric Thi\u00e9bault\",\"description\":\"\",\"publisher\":{\"@id\":\"https:\/\/www.champagnethiebaultfrederic.fr\/store\/#organization\"},\"potentialAction\":[{\"@type\":\"SearchAction\",\"target\":{\"@type\":\"EntryPoint\",\"urlTemplate\":\"https:\/\/www.champagnethiebaultfrederic.fr\/store\/?s={search_term_string}\"},\"query-input\":\"required name=search_term_string\"}],\"inLanguage\":\"fr-FR\"},{\"@type\":\"Organization\",\"@id\":\"https:\/\/www.champagnethiebaultfrederic.fr\/store\/#organization\",\"name\":\"Champagne Fr\u00e9d\u00e9ric Thi\u00e9bault\",\"url\":\"https:\/\/www.champagnethiebaultfrederic.fr\/store\/\",\"logo\":{\"@type\":\"ImageObject\",\"inLanguage\":\"fr-FR\",\"@id\":\"https:\/\/www.champagnethiebaultfrederic.fr\/store\/#\/schema\/logo\/image\/\",\"url\":\"https:\/\/www.champagnethiebaultfrederic.fr\/store\/wp-content\/uploads\/2021\/05\/logo-email.png\",\"contentUrl\":\"https:\/\/www.champagnethiebaultfrederic.fr\/store\/wp-content\/uploads\/2021\/05\/logo-email.png\",\"width\":155,\"height\":118,\"caption\":\"Champagne Fr\u00e9d\u00e9ric Thi\u00e9bault\"},\"image\":{\"@id\":\"https:\/\/www.champagnethiebaultfrederic.fr\/store\/#\/schema\/logo\/image\/\"},\"sameAs\":[\"https:\/\/www.facebook.com\/champagne.thiebault\",\"https:\/\/www.instagram.com\/champagnefredericthiebault\/\"]}]}<\/script>\n<!-- \/ Yoast SEO plugin. -->","yoast_head_json":{"title":"La Maine Blanche - Champagne Fr\u00e9d\u00e9ric Thi\u00e9bault \u00e0 Pargny-l\u00e8s-Reims","description":"Champagne Blanc de blancs (100% Chardonnay) issue de la vendange d'une seule ann\u00e9e, \u00e9lev\u00e9e en f\u00fbts de ch\u00eane et vieillie 7 ans en cave.","robots":{"index":"index","follow":"follow","max-snippet":"max-snippet:-1","max-image-preview":"max-image-preview:large","max-video-preview":"max-video-preview:-1"},"canonical":"https:\/\/www.champagnethiebaultfrederic.fr\/store\/champagnes\/champagne-lescrayeres\/","og_locale":"fr_FR","og_type":"article","og_title":"La Maine Blanche - Champagne Fr\u00e9d\u00e9ric Thi\u00e9bault \u00e0 Pargny-l\u00e8s-Reims","og_description":"Champagne Blanc de blancs (100% Chardonnay) issue de la vendange d'une seule ann\u00e9e, \u00e9lev\u00e9e en f\u00fbts de ch\u00eane et vieillie 7 ans en cave.","og_url":"https:\/\/www.champagnethiebaultfrederic.fr\/store\/champagnes\/champagne-lescrayeres\/","og_site_name":"Champagne Fr\u00e9d\u00e9ric Thi\u00e9bault","article_publisher":"https:\/\/www.facebook.com\/champagne.thiebault","article_modified_time":"2025-11-03T20:25:06+00:00","og_image":[{"width":310,"height":860,"url":"https:\/\/www.champagnethiebaultfrederic.fr\/store\/wp-content\/uploads\/2025\/09\/lescrayeres.png","type":"image\/png"}],"twitter_card":"summary_large_image","twitter_misc":{"Dur\u00e9e de lecture estim\u00e9e":"1 minute"},"schema":{"@context":"https:\/\/schema.org","@graph":[{"@type":"WebPage","@id":"https:\/\/www.champagnethiebaultfrederic.fr\/store\/champagnes\/champagne-lescrayeres\/","url":"https:\/\/www.champagnethiebaultfrederic.fr\/store\/champagnes\/champagne-lescrayeres\/","name":"La Maine Blanche - Champagne Fr\u00e9d\u00e9ric Thi\u00e9bault \u00e0 Pargny-l\u00e8s-Reims","isPartOf":{"@id":"https:\/\/www.champagnethiebaultfrederic.fr\/store\/#website"},"primaryImageOfPage":{"@id":"https:\/\/www.champagnethiebaultfrederic.fr\/store\/champagnes\/champagne-lescrayeres\/#primaryimage"},"image":{"@id":"https:\/\/www.champagnethiebaultfrederic.fr\/store\/champagnes\/champagne-lescrayeres\/#primaryimage"},"thumbnailUrl":"https:\/\/www.champagnethiebaultfrederic.fr\/store\/wp-content\/uploads\/2025\/09\/lescrayeres.png","datePublished":"2025-09-30T08:59:28+00:00","dateModified":"2025-11-03T20:25:06+00:00","description":"Champagne Blanc de blancs (100% Chardonnay) issue de la vendange d'une seule ann\u00e9e, \u00e9lev\u00e9e en f\u00fbts de ch\u00eane et vieillie 7 ans en cave.","breadcrumb":{"@id":"https:\/\/www.champagnethiebaultfrederic.fr\/store\/champagnes\/champagne-lescrayeres\/#breadcrumb"},"inLanguage":"fr-FR","potentialAction":[{"@type":"ReadAction","target":["https:\/\/www.champagnethiebaultfrederic.fr\/store\/champagnes\/champagne-lescrayeres\/"]}]},{"@type":"ImageObject","inLanguage":"fr-FR","@id":"https:\/\/www.champagnethiebaultfrederic.fr\/store\/champagnes\/champagne-lescrayeres\/#primaryimage","url":"https:\/\/www.champagnethiebaultfrederic.fr\/store\/wp-content\/uploads\/2025\/09\/lescrayeres.png","contentUrl":"https:\/\/www.champagnethiebaultfrederic.fr\/store\/wp-content\/uploads\/2025\/09\/lescrayeres.png","width":310,"height":860,"caption":"Cuv\u00e9e Les cay\u00e8res by Fabian"},{"@type":"BreadcrumbList","@id":"https:\/\/www.champagnethiebaultfrederic.fr\/store\/champagnes\/champagne-lescrayeres\/#breadcrumb","itemListElement":[{"@type":"ListItem","position":1,"name":"Accueil","item":"https:\/\/www.champagnethiebaultfrederic.fr\/store\/"},{"@type":"ListItem","position":2,"name":"Produits","item":"https:\/\/www.champagnethiebaultfrederic.fr\/store\/shop\/"},{"@type":"ListItem","position":3,"name":"Champagne Les cray\u00e8res by Fabian"}]},{"@type":"WebSite","@id":"https:\/\/www.champagnethiebaultfrederic.fr\/store\/#website","url":"https:\/\/www.champagnethiebaultfrederic.fr\/store\/","name":"Champagne Fr\u00e9d\u00e9ric Thi\u00e9bault","description":"","publisher":{"@id":"https:\/\/www.champagnethiebaultfrederic.fr\/store\/#organization"},"potentialAction":[{"@type":"SearchAction","target":{"@type":"EntryPoint","urlTemplate":"https:\/\/www.champagnethiebaultfrederic.fr\/store\/?s={search_term_string}"},"query-input":"required name=search_term_string"}],"inLanguage":"fr-FR"},{"@type":"Organization","@id":"https:\/\/www.champagnethiebaultfrederic.fr\/store\/#organization","name":"Champagne Fr\u00e9d\u00e9ric Thi\u00e9bault","url":"https:\/\/www.champagnethiebaultfrederic.fr\/store\/","logo":{"@type":"ImageObject","inLanguage":"fr-FR","@id":"https:\/\/www.champagnethiebaultfrederic.fr\/store\/#\/schema\/logo\/image\/","url":"https:\/\/www.champagnethiebaultfrederic.fr\/store\/wp-content\/uploads\/2021\/05\/logo-email.png","contentUrl":"https:\/\/www.champagnethiebaultfrederic.fr\/store\/wp-content\/uploads\/2021\/05\/logo-email.png","width":155,"height":118,"caption":"Champagne Fr\u00e9d\u00e9ric Thi\u00e9bault"},"image":{"@id":"https:\/\/www.champagnethiebaultfrederic.fr\/store\/#\/schema\/logo\/image\/"},"sameAs":["https:\/\/www.facebook.com\/champagne.thiebault","https:\/\/www.instagram.com\/champagnefredericthiebault\/"]}]}},"_links":{"self":[{"href":"https:\/\/www.champagnethiebaultfrederic.fr\/store\/wp-json\/wp\/v2\/product\/335"}],"collection":[{"href":"https:\/\/www.champagnethiebaultfrederic.fr\/store\/wp-json\/wp\/v2\/product"}],"about":[{"href":"https:\/\/www.champagnethiebaultfrederic.fr\/store\/wp-json\/wp\/v2\/types\/product"}],"wp:featuredmedia":[{"embeddable":true,"href":"https:\/\/www.champagnethiebaultfrederic.fr\/store\/wp-json\/wp\/v2\/media\/340"}],"wp:attachment":[{"href":"https:\/\/www.champagnethiebaultfrederic.fr\/store\/wp-json\/wp\/v2\/media?parent=335"}],"wp:term":[{"taxonomy":"product_cat","embeddable":true,"href":"https:\/\/www.champagnethiebaultfrederic.fr\/store\/wp-json\/wp\/v2\/product_cat?post=335"},{"taxonomy":"product_tag","embeddable":true,"href":"https:\/\/www.champagnethiebaultfrederic.fr\/store\/wp-json\/wp\/v2\/product_tag?post=335"}],"curies":[{"name":"wp","href":"https:\/\/api.w.org\/{rel}","templated":true}]}}