{"id":71,"date":"2021-05-07T18:45:26","date_gmt":"2021-05-07T16:45:26","guid":{"rendered":"http:\/\/www.champagnethiebaultfrederic.fr\/store\/?post_type=product&#038;p=71"},"modified":"2025-07-29T11:55:27","modified_gmt":"2025-07-29T09:55:27","slug":"champagne-maineblanche","status":"publish","type":"product","link":"https:\/\/www.champagnethiebaultfrederic.fr\/store\/champagnes\/champagne-maineblanche\/","title":{"rendered":"Champagne La Maine Blanche"},"content":{"rendered":"<p>Notre champagne Blanc de blancs porte le nom d&#8217;une de nos parcelles de Pargny-l\u00e8s-Reims. \u00c9labor\u00e9 \u00e0 100% de Chardonnay r\u00e9colt\u00e9s \u00e0 parfaite maturit\u00e9 et vinifi\u00e9 en f\u00fbts de ch\u00eane, nous avons fait le choix de r\u00e9duire le dosage pour laisser le c\u00e9page s&#8217;exprimer pleinement.<\/p>\n","protected":false},"excerpt":{"rendered":"<p>Notre cuv\u00e9e Blanc de blancs, 100% Chardonnay, est issue de la vendange d&#8217;une seule ann\u00e9e \u00e9lev\u00e9e en f\u00fbts de ch\u00eane et vieillie 7 ans en cave. Une belle promesse&#8230;<\/p>\n","protected":false},"featured_media":194,"template":"","meta":[],"product_cat":[19],"product_tag":[],"yoast_head":"<!-- This site is optimized with the Yoast SEO plugin v22.5 - https:\/\/yoast.com\/wordpress\/plugins\/seo\/ -->\n<title>La Maine Blanche - Champagne Fr\u00e9d\u00e9ric Thi\u00e9bault \u00e0 Pargny-l\u00e8s-Reims<\/title>\n<meta name=\"description\" content=\"Champagne Blanc de blancs (100% Chardonnay) issue de la vendange d&#039;une seule ann\u00e9e, \u00e9lev\u00e9e en f\u00fbts de ch\u00eane et vieillie 7 ans en cave.\" \/>\n<meta name=\"robots\" content=\"index, follow, max-snippet:-1, max-image-preview:large, max-video-preview:-1\" \/>\n<link rel=\"canonical\" href=\"https:\/\/www.champagnethiebaultfrederic.fr\/store\/champagnes\/champagne-maineblanche\/\" \/>\n<meta property=\"og:locale\" content=\"fr_FR\" \/>\n<meta property=\"og:type\" content=\"article\" \/>\n<meta property=\"og:title\" content=\"La Maine Blanche - Champagne Fr\u00e9d\u00e9ric Thi\u00e9bault \u00e0 Pargny-l\u00e8s-Reims\" \/>\n<meta property=\"og:description\" content=\"Champagne Blanc de blancs (100% Chardonnay) issue de la vendange d&#039;une seule ann\u00e9e, \u00e9lev\u00e9e en f\u00fbts de ch\u00eane et vieillie 7 ans en cave.\" \/>\n<meta property=\"og:url\" content=\"https:\/\/www.champagnethiebaultfrederic.fr\/store\/champagnes\/champagne-maineblanche\/\" \/>\n<meta property=\"og:site_name\" content=\"Champagne Fr\u00e9d\u00e9ric Thi\u00e9bault\" \/>\n<meta property=\"article:publisher\" content=\"https:\/\/www.facebook.com\/champagne.thiebault\" \/>\n<meta property=\"article:modified_time\" content=\"2025-07-29T09:55:27+00:00\" \/>\n<meta property=\"og:image\" content=\"https:\/\/www.champagnethiebaultfrederic.fr\/store\/wp-content\/uploads\/2021\/05\/maineblanche-1.png\" \/>\n\t<meta property=\"og:image:width\" content=\"310\" \/>\n\t<meta property=\"og:image:height\" content=\"860\" \/>\n\t<meta property=\"og:image:type\" content=\"image\/png\" \/>\n<meta name=\"twitter:card\" content=\"summary_large_image\" \/>\n<meta name=\"twitter:label1\" content=\"Dur\u00e9e de lecture estim\u00e9e\" \/>\n\t<meta name=\"twitter:data1\" content=\"1 minute\" \/>\n<script type=\"application\/ld+json\" class=\"yoast-schema-graph\">{\"@context\":\"https:\/\/schema.org\",\"@graph\":[{\"@type\":\"WebPage\",\"@id\":\"https:\/\/www.champagnethiebaultfrederic.fr\/store\/champagnes\/champagne-maineblanche\/\",\"url\":\"https:\/\/www.champagnethiebaultfrederic.fr\/store\/champagnes\/champagne-maineblanche\/\",\"name\":\"La Maine Blanche - Champagne Fr\u00e9d\u00e9ric Thi\u00e9bault \u00e0 Pargny-l\u00e8s-Reims\",\"isPartOf\":{\"@id\":\"https:\/\/www.champagnethiebaultfrederic.fr\/store\/#website\"},\"primaryImageOfPage\":{\"@id\":\"https:\/\/www.champagnethiebaultfrederic.fr\/store\/champagnes\/champagne-maineblanche\/#primaryimage\"},\"image\":{\"@id\":\"https:\/\/www.champagnethiebaultfrederic.fr\/store\/champagnes\/champagne-maineblanche\/#primaryimage\"},\"thumbnailUrl\":\"https:\/\/www.champagnethiebaultfrederic.fr\/store\/wp-content\/uploads\/2021\/05\/maineblanche-1.png\",\"datePublished\":\"2021-05-07T16:45:26+00:00\",\"dateModified\":\"2025-07-29T09:55:27+00:00\",\"description\":\"Champagne Blanc de blancs (100% Chardonnay) issue de la vendange d'une seule ann\u00e9e, \u00e9lev\u00e9e en f\u00fbts de ch\u00eane et vieillie 7 ans en cave.\",\"breadcrumb\":{\"@id\":\"https:\/\/www.champagnethiebaultfrederic.fr\/store\/champagnes\/champagne-maineblanche\/#breadcrumb\"},\"inLanguage\":\"fr-FR\",\"potentialAction\":[{\"@type\":\"ReadAction\",\"target\":[\"https:\/\/www.champagnethiebaultfrederic.fr\/store\/champagnes\/champagne-maineblanche\/\"]}]},{\"@type\":\"ImageObject\",\"inLanguage\":\"fr-FR\",\"@id\":\"https:\/\/www.champagnethiebaultfrederic.fr\/store\/champagnes\/champagne-maineblanche\/#primaryimage\",\"url\":\"https:\/\/www.champagnethiebaultfrederic.fr\/store\/wp-content\/uploads\/2021\/05\/maineblanche-1.png\",\"contentUrl\":\"https:\/\/www.champagnethiebaultfrederic.fr\/store\/wp-content\/uploads\/2021\/05\/maineblanche-1.png\",\"width\":310,\"height\":860,\"caption\":\"Bouteille Champagne Thi\u00e9bault Fr\u00e9d\u00e9ric La Maine Blanche\"},{\"@type\":\"BreadcrumbList\",\"@id\":\"https:\/\/www.champagnethiebaultfrederic.fr\/store\/champagnes\/champagne-maineblanche\/#breadcrumb\",\"itemListElement\":[{\"@type\":\"ListItem\",\"position\":1,\"name\":\"Accueil\",\"item\":\"https:\/\/www.champagnethiebaultfrederic.fr\/store\/\"},{\"@type\":\"ListItem\",\"position\":2,\"name\":\"Produits\",\"item\":\"https:\/\/www.champagnethiebaultfrederic.fr\/store\/shop\/\"},{\"@type\":\"ListItem\",\"position\":3,\"name\":\"Champagne La Maine Blanche\"}]},{\"@type\":\"WebSite\",\"@id\":\"https:\/\/www.champagnethiebaultfrederic.fr\/store\/#website\",\"url\":\"https:\/\/www.champagnethiebaultfrederic.fr\/store\/\",\"name\":\"Champagne Fr\u00e9d\u00e9ric Thi\u00e9bault\",\"description\":\"\",\"publisher\":{\"@id\":\"https:\/\/www.champagnethiebaultfrederic.fr\/store\/#organization\"},\"potentialAction\":[{\"@type\":\"SearchAction\",\"target\":{\"@type\":\"EntryPoint\",\"urlTemplate\":\"https:\/\/www.champagnethiebaultfrederic.fr\/store\/?s={search_term_string}\"},\"query-input\":\"required name=search_term_string\"}],\"inLanguage\":\"fr-FR\"},{\"@type\":\"Organization\",\"@id\":\"https:\/\/www.champagnethiebaultfrederic.fr\/store\/#organization\",\"name\":\"Champagne Fr\u00e9d\u00e9ric Thi\u00e9bault\",\"url\":\"https:\/\/www.champagnethiebaultfrederic.fr\/store\/\",\"logo\":{\"@type\":\"ImageObject\",\"inLanguage\":\"fr-FR\",\"@id\":\"https:\/\/www.champagnethiebaultfrederic.fr\/store\/#\/schema\/logo\/image\/\",\"url\":\"https:\/\/www.champagnethiebaultfrederic.fr\/store\/wp-content\/uploads\/2021\/05\/logo-email.png\",\"contentUrl\":\"https:\/\/www.champagnethiebaultfrederic.fr\/store\/wp-content\/uploads\/2021\/05\/logo-email.png\",\"width\":155,\"height\":118,\"caption\":\"Champagne Fr\u00e9d\u00e9ric Thi\u00e9bault\"},\"image\":{\"@id\":\"https:\/\/www.champagnethiebaultfrederic.fr\/store\/#\/schema\/logo\/image\/\"},\"sameAs\":[\"https:\/\/www.facebook.com\/champagne.thiebault\",\"https:\/\/www.instagram.com\/champagnefredericthiebault\/\"]}]}<\/script>\n<!-- \/ Yoast SEO plugin. -->","yoast_head_json":{"title":"La Maine Blanche - Champagne Fr\u00e9d\u00e9ric Thi\u00e9bault \u00e0 Pargny-l\u00e8s-Reims","description":"Champagne Blanc de blancs (100% Chardonnay) issue de la vendange d'une seule ann\u00e9e, \u00e9lev\u00e9e en f\u00fbts de ch\u00eane et vieillie 7 ans en cave.","robots":{"index":"index","follow":"follow","max-snippet":"max-snippet:-1","max-image-preview":"max-image-preview:large","max-video-preview":"max-video-preview:-1"},"canonical":"https:\/\/www.champagnethiebaultfrederic.fr\/store\/champagnes\/champagne-maineblanche\/","og_locale":"fr_FR","og_type":"article","og_title":"La Maine Blanche - Champagne Fr\u00e9d\u00e9ric Thi\u00e9bault \u00e0 Pargny-l\u00e8s-Reims","og_description":"Champagne Blanc de blancs (100% Chardonnay) issue de la vendange d'une seule ann\u00e9e, \u00e9lev\u00e9e en f\u00fbts de ch\u00eane et vieillie 7 ans en cave.","og_url":"https:\/\/www.champagnethiebaultfrederic.fr\/store\/champagnes\/champagne-maineblanche\/","og_site_name":"Champagne Fr\u00e9d\u00e9ric Thi\u00e9bault","article_publisher":"https:\/\/www.facebook.com\/champagne.thiebault","article_modified_time":"2025-07-29T09:55:27+00:00","og_image":[{"width":310,"height":860,"url":"https:\/\/www.champagnethiebaultfrederic.fr\/store\/wp-content\/uploads\/2021\/05\/maineblanche-1.png","type":"image\/png"}],"twitter_card":"summary_large_image","twitter_misc":{"Dur\u00e9e de lecture estim\u00e9e":"1 minute"},"schema":{"@context":"https:\/\/schema.org","@graph":[{"@type":"WebPage","@id":"https:\/\/www.champagnethiebaultfrederic.fr\/store\/champagnes\/champagne-maineblanche\/","url":"https:\/\/www.champagnethiebaultfrederic.fr\/store\/champagnes\/champagne-maineblanche\/","name":"La Maine Blanche - Champagne Fr\u00e9d\u00e9ric Thi\u00e9bault \u00e0 Pargny-l\u00e8s-Reims","isPartOf":{"@id":"https:\/\/www.champagnethiebaultfrederic.fr\/store\/#website"},"primaryImageOfPage":{"@id":"https:\/\/www.champagnethiebaultfrederic.fr\/store\/champagnes\/champagne-maineblanche\/#primaryimage"},"image":{"@id":"https:\/\/www.champagnethiebaultfrederic.fr\/store\/champagnes\/champagne-maineblanche\/#primaryimage"},"thumbnailUrl":"https:\/\/www.champagnethiebaultfrederic.fr\/store\/wp-content\/uploads\/2021\/05\/maineblanche-1.png","datePublished":"2021-05-07T16:45:26+00:00","dateModified":"2025-07-29T09:55:27+00:00","description":"Champagne Blanc de blancs (100% Chardonnay) issue de la vendange d'une seule ann\u00e9e, \u00e9lev\u00e9e en f\u00fbts de ch\u00eane et vieillie 7 ans en cave.","breadcrumb":{"@id":"https:\/\/www.champagnethiebaultfrederic.fr\/store\/champagnes\/champagne-maineblanche\/#breadcrumb"},"inLanguage":"fr-FR","potentialAction":[{"@type":"ReadAction","target":["https:\/\/www.champagnethiebaultfrederic.fr\/store\/champagnes\/champagne-maineblanche\/"]}]},{"@type":"ImageObject","inLanguage":"fr-FR","@id":"https:\/\/www.champagnethiebaultfrederic.fr\/store\/champagnes\/champagne-maineblanche\/#primaryimage","url":"https:\/\/www.champagnethiebaultfrederic.fr\/store\/wp-content\/uploads\/2021\/05\/maineblanche-1.png","contentUrl":"https:\/\/www.champagnethiebaultfrederic.fr\/store\/wp-content\/uploads\/2021\/05\/maineblanche-1.png","width":310,"height":860,"caption":"Bouteille Champagne Thi\u00e9bault Fr\u00e9d\u00e9ric La Maine Blanche"},{"@type":"BreadcrumbList","@id":"https:\/\/www.champagnethiebaultfrederic.fr\/store\/champagnes\/champagne-maineblanche\/#breadcrumb","itemListElement":[{"@type":"ListItem","position":1,"name":"Accueil","item":"https:\/\/www.champagnethiebaultfrederic.fr\/store\/"},{"@type":"ListItem","position":2,"name":"Produits","item":"https:\/\/www.champagnethiebaultfrederic.fr\/store\/shop\/"},{"@type":"ListItem","position":3,"name":"Champagne La Maine Blanche"}]},{"@type":"WebSite","@id":"https:\/\/www.champagnethiebaultfrederic.fr\/store\/#website","url":"https:\/\/www.champagnethiebaultfrederic.fr\/store\/","name":"Champagne Fr\u00e9d\u00e9ric Thi\u00e9bault","description":"","publisher":{"@id":"https:\/\/www.champagnethiebaultfrederic.fr\/store\/#organization"},"potentialAction":[{"@type":"SearchAction","target":{"@type":"EntryPoint","urlTemplate":"https:\/\/www.champagnethiebaultfrederic.fr\/store\/?s={search_term_string}"},"query-input":"required name=search_term_string"}],"inLanguage":"fr-FR"},{"@type":"Organization","@id":"https:\/\/www.champagnethiebaultfrederic.fr\/store\/#organization","name":"Champagne Fr\u00e9d\u00e9ric Thi\u00e9bault","url":"https:\/\/www.champagnethiebaultfrederic.fr\/store\/","logo":{"@type":"ImageObject","inLanguage":"fr-FR","@id":"https:\/\/www.champagnethiebaultfrederic.fr\/store\/#\/schema\/logo\/image\/","url":"https:\/\/www.champagnethiebaultfrederic.fr\/store\/wp-content\/uploads\/2021\/05\/logo-email.png","contentUrl":"https:\/\/www.champagnethiebaultfrederic.fr\/store\/wp-content\/uploads\/2021\/05\/logo-email.png","width":155,"height":118,"caption":"Champagne Fr\u00e9d\u00e9ric Thi\u00e9bault"},"image":{"@id":"https:\/\/www.champagnethiebaultfrederic.fr\/store\/#\/schema\/logo\/image\/"},"sameAs":["https:\/\/www.facebook.com\/champagne.thiebault","https:\/\/www.instagram.com\/champagnefredericthiebault\/"]}]}},"_links":{"self":[{"href":"https:\/\/www.champagnethiebaultfrederic.fr\/store\/wp-json\/wp\/v2\/product\/71"}],"collection":[{"href":"https:\/\/www.champagnethiebaultfrederic.fr\/store\/wp-json\/wp\/v2\/product"}],"about":[{"href":"https:\/\/www.champagnethiebaultfrederic.fr\/store\/wp-json\/wp\/v2\/types\/product"}],"wp:featuredmedia":[{"embeddable":true,"href":"https:\/\/www.champagnethiebaultfrederic.fr\/store\/wp-json\/wp\/v2\/media\/194"}],"wp:attachment":[{"href":"https:\/\/www.champagnethiebaultfrederic.fr\/store\/wp-json\/wp\/v2\/media?parent=71"}],"wp:term":[{"taxonomy":"product_cat","embeddable":true,"href":"https:\/\/www.champagnethiebaultfrederic.fr\/store\/wp-json\/wp\/v2\/product_cat?post=71"},{"taxonomy":"product_tag","embeddable":true,"href":"https:\/\/www.champagnethiebaultfrederic.fr\/store\/wp-json\/wp\/v2\/product_tag?post=71"}],"curies":[{"name":"wp","href":"https:\/\/api.w.org\/{rel}","templated":true}]}}